{"id":145341,"date":"2024-10-06T17:39:39","date_gmt":"2024-10-06T17:39:39","guid":{"rendered":"https:\/\/dradura.com\/?page_id=145341"},"modified":"2025-07-14T13:15:24","modified_gmt":"2025-07-14T13:15:24","slug":"standorte","status":"publish","type":"page","link":"https:\/\/dradura.com\/de\/standorte\/","title":{"rendered":"DRADURA Standorte"},"content":{"rendered":"<div class=\"wpb-content-wrapper\"><p>[vc_row row_height_percent=&#8220;50&#8243; back_image=&#8220;142330&#8243; overlay_color=&#8220;color-193322&#8243; overlay_alpha=&#8220;5&#8243; overlay_animated=&#8220;yes&#8220; overlay_animated_1_color=&#8220;accent&#8220; gutter_size=&#8220;3&#8243; column_width_percent=&#8220;100&#8243; shift_y=&#8220;0&#8243; z_index=&#8220;0&#8243; sticky=&#8220;yes&#8220; uncode_shortcode_id=&#8220;163955&#8243; overlay_color_type=&#8220;uncode-palette&#8220; overlay_animated_1_color_type=&#8220;uncode-palette&#8220;][vc_column column_width_percent=&#8220;100&#8243; position_horizontal=&#8220;left&#8220; position_vertical=&#8220;middle&#8220; gutter_size=&#8220;3&#8243; style=&#8220;dark&#8220; overlay_alpha=&#8220;50&#8243; shift_x=&#8220;0&#8243; shift_y=&#8220;0&#8243; shift_y_down=&#8220;0&#8243; z_index=&#8220;0&#8243; medium_width=&#8220;0&#8243; mobile_width=&#8220;0&#8243; width=&#8220;1\/1&#8243; uncode_shortcode_id=&#8220;132308&#8243;][vc_empty_space empty_h=&#8220;3&#8243;][vc_row_inner][vc_column_inner column_width_percent=&#8220;100&#8243; position_horizontal=&#8220;left&#8220; gutter_size=&#8220;3&#8243; style=&#8220;dark&#8220; overlay_alpha=&#8220;50&#8243; shift_x=&#8220;0&#8243; shift_y=&#8220;0&#8243; shift_y_down=&#8220;0&#8243; z_index=&#8220;0&#8243; medium_width=&#8220;0&#8243; mobile_width=&#8220;0&#8243; css_animation=&#8220;bottom-t-top&#8220; parallax_intensity=&#8220;3&#8243; parallax_centered=&#8220;yes&#8220; width=&#8220;1\/1&#8243; uncode_shortcode_id=&#8220;551927&#8243;][vc_custom_heading text_color=&#8220;color-xsdn&#8220; heading_semantic=&#8220;h3&#8243; text_size=&#8220;fontsize-144391&#8243; text_weight=&#8220;300&#8243; css_animation=&#8220;right-t-left&#8220; animation_delay=&#8220;500&#8243; uncode_shortcode_id=&#8220;767022&#8243; text_color_type=&#8220;uncode-palette&#8220;]<strong>Kompetenz auf globaler Ebene<\/strong> in der industriellen Stahldrahtproduktion[\/vc_custom_heading][vc_custom_heading text_color=&#8220;color-xsdn&#8220; text_weight=&#8220;300&#8243; text_space=&#8220;fontspace-123829&#8243; css_animation=&#8220;right-t-left&#8220; animation_delay=&#8220;500&#8243; uncode_shortcode_id=&#8220;559013&#8243; text_color_type=&#8220;uncode-palette&#8220;]Einheitliche Qualit\u00e4t und Standards an<br \/>\nallen globalen Standorten[\/vc_custom_heading][\/vc_column_inner][\/vc_row_inner][vc_row_inner][vc_column_inner column_width_use_pixel=&#8220;yes&#8220; position_horizontal=&#8220;left&#8220; gutter_size=&#8220;3&#8243; style=&#8220;dark&#8220; overlay_alpha=&#8220;50&#8243; shift_x=&#8220;0&#8243; shift_y=&#8220;0&#8243; shift_y_down=&#8220;0&#8243; z_index=&#8220;0&#8243; medium_width=&#8220;0&#8243; mobile_width=&#8220;0&#8243; css_animation=&#8220;bottom-t-top&#8220; parallax_intensity=&#8220;3&#8243; parallax_centered=&#8220;yes&#8220; width=&#8220;1\/1&#8243; uncode_shortcode_id=&#8220;514343&#8243; column_width_pixel=&#8220;1300&#8243;][vc_custom_heading text_color=&#8220;color-xsdn&#8220; heading_semantic=&#8220;h3&#8243; text_size=&#8220;h4&#8243; text_height=&#8220;fontheight-289079&#8243; text_uppercase=&#8220;&#8220; uncode_shortcode_id=&#8220;389357&#8243; text_color_type=&#8220;uncode-palette&#8220;]Werden Sie unser Partner in einem unserer Werke oder B\u00fcros in Europa und den USA und profitieren Sie von der N\u00e4he zu einem vertrauensw\u00fcrdigen Hersteller von Stahldrahtl\u00f6sungen.[\/vc_custom_heading][vc_empty_space empty_h=&#8220;1&#8243;][vc_button button_color=&#8220;color-238799&#8243; size=&#8220;btn-sm&#8220; border_animation=&#8220;btn-ripple-out&#8220; hover_fx=&#8220;outlined&#8220; outline=&#8220;yes&#8220; border_width=&#8220;0&#8243; icon_position=&#8220;right&#8220; css_animation=&#8220;bottom-t-top&#8220; animation_delay=&#8220;800&#8243; link=&#8220;url:%2Fde%2Fkontakt%2F|title:Kontakt%20zu%20DRADURA%20aufnehmen&#8220; button_color_type=&#8220;uncode-palette&#8220; uncode_shortcode_id=&#8220;100591&#8243; icon=&#8220;fa fa-arrow-right-outline&#8220; width=&#8220;250&#8243;]Anfrage \/ Kontakt[\/vc_button][\/vc_column_inner][\/vc_row_inner][vc_empty_space empty_h=&#8220;4&#8243;][\/vc_column][\/vc_row][vc_row row_height_percent=&#8220;0&#8243; override_padding=&#8220;yes&#8220; h_padding=&#8220;2&#8243; top_padding=&#8220;5&#8243; bottom_padding=&#8220;4&#8243; back_color=&#8220;color-xsdn&#8220; back_image=&#8220;996&#8243; overlay_alpha=&#8220;100&#8243; gutter_size=&#8220;3&#8243; column_width_percent=&#8220;100&#8243; shift_y=&#8220;0&#8243; z_index=&#8220;0&#8243; content_parallax=&#8220;0&#8243; row_height_use_pixel=&#8220;&#8220; uncode_shortcode_id=&#8220;164845&#8243; el_class=&#8220;streifen-bg-rechts&#8220; back_size=&#8220;200%&#8220; back_color_type=&#8220;uncode-palette&#8220;][vc_column column_width_percent=&#8220;100&#8243; position_horizontal=&#8220;left&#8220; gutter_size=&#8220;3&#8243; overlay_alpha=&#8220;50&#8243; shift_x=&#8220;0&#8243; shift_y=&#8220;0&#8243; shift_y_down=&#8220;0&#8243; z_index=&#8220;0&#8243; medium_width=&#8220;7&#8243; mobile_width=&#8220;7&#8243; zoom_width=&#8220;0&#8243; zoom_height=&#8220;0&#8243; width=&#8220;10\/12&#8243; uncode_shortcode_id=&#8220;191746&#8243;][vc_empty_space empty_h=&#8220;3&#8243; medium_visibility=&#8220;yes&#8220; mobile_visibility=&#8220;yes&#8220;][vc_row_inner][vc_column_inner column_width_percent=&#8220;100&#8243; position_horizontal=&#8220;left&#8220; gutter_size=&#8220;3&#8243; overlay_alpha=&#8220;50&#8243; shift_x=&#8220;0&#8243; shift_y=&#8220;0&#8243; shift_y_down=&#8220;0&#8243; z_index=&#8220;0&#8243; medium_width=&#8220;7&#8243; mobile_width=&#8220;7&#8243; width=&#8220;5\/6&#8243; uncode_shortcode_id=&#8220;147669&#8243;][vc_custom_heading text_color=&#8220;color-697382&#8243; text_size=&#8220;h1&#8243; css_animation=&#8220;right-t-left&#8220; animation_delay=&#8220;400&#8243; text_uppercase=&#8220;&#8220; uncode_shortcode_id=&#8220;214209&#8243; text_color_type=&#8220;uncode-palette&#8220;]<b>Globale Reichweite,<\/b> einheitliche Standards[\/vc_custom_heading][vc_empty_space empty_h=&#8220;2&#8243;][vc_custom_heading text_color=&#8220;color-697382&#8243; heading_semantic=&#8220;h3&#8243; text_size=&#8220;h3&#8243; text_weight=&#8220;400&#8243; text_height=&#8220;fontheight-289079&#8243; text_uppercase=&#8220;&#8220; uncode_shortcode_id=&#8220;207401&#8243; text_color_type=&#8220;uncode-palette&#8220;]Bei DRADURA arbeiten wir weltweit als ein Team und stellen sicher, dass an jedem Standort weltweit die gleichen hohen Qualit\u00e4ts-, Sicherheits- und Nachhaltigkeitsstandards gelten.[\/vc_custom_heading][vc_empty_space empty_h=&#8220;3&#8243;][\/vc_column_inner][vc_column_inner width=&#8220;1\/6&#8243;][\/vc_column_inner][\/vc_row_inner][vc_custom_heading text_color=&#8220;color-697382&#8243; heading_semantic=&#8220;h3&#8243; text_size=&#8220;h3&#8243; text_weight=&#8220;600&#8243; text_height=&#8220;fontheight-289079&#8243; text_uppercase=&#8220;&#8220; uncode_shortcode_id=&#8220;575534&#8243; text_color_type=&#8220;uncode-palette&#8220;]Kontaktieren Sie unser n\u00e4chstgelegenes B\u00fcro, um ma\u00dfgeschneiderte Fertigungskompetenzen zu erhalten und den DRADURA-Qualit\u00e4tsvorteil zu erleben.[\/vc_custom_heading][vc_empty_space empty_h=&#8220;2&#8243; desktop_visibility=&#8220;yes&#8220; medium_visibility=&#8220;yes&#8220; mobile_visibility=&#8220;yes&#8220;][\/vc_column][vc_column width=&#8220;2\/12&#8243;][\/vc_column][\/vc_row][vc_row row_height_percent=&#8220;0&#8243; override_padding=&#8220;yes&#8220; h_padding=&#8220;2&#8243; top_padding=&#8220;2&#8243; bottom_padding=&#8220;0&#8243; back_color=&#8220;color-xsdn&#8220; overlay_alpha=&#8220;50&#8243; gutter_size=&#8220;3&#8243; column_width_percent=&#8220;100&#8243; shift_y=&#8220;0&#8243; z_index=&#8220;0&#8243; content_parallax=&#8220;0&#8243; uncode_shortcode_id=&#8220;173619&#8243; back_color_type=&#8220;uncode-palette&#8220;][vc_column column_width_percent=&#8220;100&#8243; gutter_size=&#8220;3&#8243; overlay_alpha=&#8220;50&#8243; shift_x=&#8220;0&#8243; shift_y=&#8220;0&#8243; shift_y_down=&#8220;0&#8243; z_index=&#8220;0&#8243; medium_width=&#8220;7&#8243; mobile_width=&#8220;7&#8243; width=&#8220;1\/2&#8243; uncode_shortcode_id=&#8220;426653&#8243;][vc_row_inner][vc_column_inner width=&#8220;1\/2&#8243;][vc_single_image media=&#8220;142833&#8243; media_width_use_pixel=&#8220;yes&#8220; uncode_shortcode_id=&#8220;127972&#8243; media_width_pixel=&#8220;100&#8243; el_class=&#8220;flaggen&#8220;][vc_custom_heading text_color=&#8220;color-697382&#8243; heading_semantic=&#8220;p&#8220; text_size=&#8220;h5&#8243; text_weight=&#8220;600&#8243; uncode_shortcode_id=&#8220;942756&#8243; text_color_type=&#8220;uncode-palette&#8220;]DRADURA Polska[\/vc_custom_heading][vc_custom_heading heading_semantic=&#8220;p&#8220; text_size=&#8220;&#8220; text_weight=&#8220;400&#8243; uncode_shortcode_id=&#8220;213548&#8243;]ul. Techniczna 8\/10<br \/>\n92-518 \u0141od\u017a<br \/>\nPolska<\/p>\n<p>&nbsp;<\/p>\n<p><strong>Tel.: +48 42 2542-000<\/strong>[\/vc_custom_heading][\/vc_column_inner][vc_column_inner width=&#8220;1\/2&#8243;][vc_single_image media=&#8220;142829&#8243; media_width_use_pixel=&#8220;yes&#8220; uncode_shortcode_id=&#8220;118393&#8243; media_width_pixel=&#8220;100&#8243; el_class=&#8220;flaggen&#8220;][vc_custom_heading text_color=&#8220;color-697382&#8243; heading_semantic=&#8220;p&#8220; text_size=&#8220;h5&#8243; text_weight=&#8220;600&#8243; uncode_shortcode_id=&#8220;889711&#8243; text_color_type=&#8220;uncode-palette&#8220;]DRADURA Italia (OMIM)[\/vc_custom_heading][vc_custom_heading heading_semantic=&#8220;p&#8220; text_size=&#8220;&#8220; text_weight=&#8220;400&#8243; uncode_shortcode_id=&#8220;901758&#8243;]Via J. F. Kennedy, 8<br \/>\n30027 San Don\u00e0 di Piave (VE)<br \/>\nItaly<\/p>\n<p>&nbsp;<\/p>\n<p><strong>Tel.: +39 0421 497-511<\/strong>[\/vc_custom_heading][\/vc_column_inner][\/vc_row_inner][\/vc_column][vc_column column_width_percent=&#8220;100&#8243; gutter_size=&#8220;3&#8243; overlay_alpha=&#8220;50&#8243; shift_x=&#8220;0&#8243; shift_y=&#8220;0&#8243; shift_y_down=&#8220;0&#8243; z_index=&#8220;0&#8243; medium_width=&#8220;7&#8243; mobile_width=&#8220;7&#8243; width=&#8220;1\/2&#8243; uncode_shortcode_id=&#8220;153087&#8243;][vc_row_inner][vc_column_inner width=&#8220;1\/2&#8243;][vc_single_image media=&#8220;142829&#8243; media_width_use_pixel=&#8220;yes&#8220; uncode_shortcode_id=&#8220;118393&#8243; media_width_pixel=&#8220;100&#8243; el_class=&#8220;flaggen&#8220;][vc_custom_heading text_color=&#8220;color-697382&#8243; heading_semantic=&#8220;p&#8220; text_size=&#8220;h5&#8243; text_weight=&#8220;600&#8243; uncode_shortcode_id=&#8220;411093&#8243; text_color_type=&#8220;uncode-palette&#8220;]DRADURA Italia (COME)[\/vc_custom_heading][vc_custom_heading heading_semantic=&#8220;p&#8220; text_size=&#8220;&#8220; text_weight=&#8220;400&#8243; uncode_shortcode_id=&#8220;177384&#8243;]Via Monferrato, 4<br \/>\n15030 Conzano (AL)<br \/>\nItaly<\/p>\n<p>&nbsp;<\/p>\n<p><strong>Tel.: +39 0142 925-545<\/strong>[\/vc_custom_heading][\/vc_column_inner][vc_column_inner width=&#8220;1\/2&#8243;][vc_single_image media=&#8220;142837&#8243; media_width_use_pixel=&#8220;yes&#8220; uncode_shortcode_id=&#8220;689197&#8243; media_width_pixel=&#8220;100&#8243; el_class=&#8220;flaggen&#8220;][vc_custom_heading text_color=&#8220;color-697382&#8243; heading_semantic=&#8220;p&#8220; text_size=&#8220;h5&#8243; text_weight=&#8220;600&#8243; uncode_shortcode_id=&#8220;120570&#8243; text_color_type=&#8220;uncode-palette&#8220;]DRADURA USA[\/vc_custom_heading][vc_custom_heading heading_semantic=&#8220;p&#8220; text_size=&#8220;&#8220; text_weight=&#8220;400&#8243; uncode_shortcode_id=&#8220;201767&#8243;]197 Bosch Blvd.<br \/>\nNew Bern NC 28562<br \/>\nUSA<\/p>\n<p>&nbsp;<\/p>\n<p><strong>Tel.: +1 252 637-9660<\/strong>[\/vc_custom_heading][\/vc_column_inner][\/vc_row_inner][\/vc_column][\/vc_row][vc_row row_height_percent=&#8220;0&#8243; override_padding=&#8220;yes&#8220; h_padding=&#8220;2&#8243; top_padding=&#8220;2&#8243; bottom_padding=&#8220;6&#8243; back_color=&#8220;color-xsdn&#8220; overlay_alpha=&#8220;50&#8243; gutter_size=&#8220;3&#8243; column_width_percent=&#8220;100&#8243; shift_y=&#8220;0&#8243; z_index=&#8220;0&#8243; content_parallax=&#8220;0&#8243; uncode_shortcode_id=&#8220;120577&#8243; back_color_type=&#8220;uncode-palette&#8220;][vc_column column_width_percent=&#8220;100&#8243; position_vertical=&#8220;bottom&#8220; gutter_size=&#8220;3&#8243; overlay_alpha=&#8220;50&#8243; shift_x=&#8220;0&#8243; shift_y=&#8220;0&#8243; shift_y_down=&#8220;0&#8243; z_index=&#8220;0&#8243; medium_width=&#8220;7&#8243; mobile_width=&#8220;7&#8243; width=&#8220;1\/2&#8243; uncode_shortcode_id=&#8220;989353&#8243;][vc_row_inner][vc_column_inner width=&#8220;1\/2&#8243;][\/vc_column_inner][vc_column_inner width=&#8220;1\/2&#8243;][vc_single_image media=&#8220;142825&#8243; media_width_use_pixel=&#8220;yes&#8220; uncode_shortcode_id=&#8220;114506&#8243; media_width_pixel=&#8220;100&#8243; el_class=&#8220;flaggen&#8220;][vc_custom_heading text_color=&#8220;color-697382&#8243; heading_semantic=&#8220;p&#8220; text_size=&#8220;h5&#8243; text_weight=&#8220;600&#8243; uncode_shortcode_id=&#8220;797843&#8243; text_color_type=&#8220;uncode-palette&#8220;]DRADURA Group<br \/>\nHauptsitz[\/vc_custom_heading][vc_custom_heading heading_semantic=&#8220;p&#8220; text_size=&#8220;&#8220; text_weight=&#8220;400&#8243; uncode_shortcode_id=&#8220;187531&#8243;]Talstra\u00dfe 2<br \/>\n67317 Altleiningen<br \/>\nGermany<\/p>\n<p>&nbsp;<\/p>\n<p><strong>Tel.: +49 6356 966-0<\/strong>[\/vc_custom_heading][\/vc_column_inner][\/vc_row_inner][\/vc_column][vc_column column_width_percent=&#8220;100&#8243; gutter_size=&#8220;3&#8243; overlay_alpha=&#8220;50&#8243; shift_x=&#8220;0&#8243; shift_y=&#8220;0&#8243; shift_y_down=&#8220;0&#8243; z_index=&#8220;0&#8243; medium_width=&#8220;7&#8243; mobile_width=&#8220;7&#8243; width=&#8220;1\/2&#8243; uncode_shortcode_id=&#8220;153087&#8243;][vc_empty_space empty_h=&#8220;3&#8243;][vc_row_inner row_inner_height_percent=&#8220;0&#8243; overlay_alpha=&#8220;50&#8243; gutter_size=&#8220;3&#8243; shift_y=&#8220;0&#8243; z_index=&#8220;0&#8243; limit_content=&#8220;&#8220; uncode_shortcode_id=&#8220;159101&#8243;][vc_column_inner column_width_percent=&#8220;100&#8243; position_horizontal=&#8220;left&#8220; position_vertical=&#8220;justify&#8220; gutter_size=&#8220;2&#8243; style=&#8220;dark&#8220; overlay_alpha=&#8220;50&#8243; radius=&#8220;std&#8220; shift_x=&#8220;0&#8243; shift_y=&#8220;0&#8243; shift_y_down=&#8220;0&#8243; z_index=&#8220;0&#8243; medium_width=&#8220;7&#8243; align_mobile=&#8220;align_center_mobile&#8220; mobile_width=&#8220;7&#8243; width=&#8220;5\/6&#8243; uncode_shortcode_id=&#8220;209070&#8243; back_color_type=&#8220;uncode-gradient&#8220; back_color_gradient=&#8220;{&#8222;css&#8222;:&#8222;background: radial-gradient(circle at left center , rgb(1, 99, 174) 11% , rgb(7, 78, 133) 92%);&#8222;,&#8222;sliders&#8222;:`{`{&#8222;color&#8222;:&#8222;rgb(1, 99, 174)&#8222;,&#8222;position&#8222;:11},{&#8222;color&#8222;:&#8222;rgb(7, 78, 133)&#8222;,&#8222;position&#8222;:92}`}`,&#8222;type&#8222;:&#8222;circle&#8222;,&#8222;direction&#8222;:&#8222;left center&#8222;}&#8220;][vc_icon icon=&#8220;fa fa-chevron-right-circle&#8220; icon_color=&#8220;color-xsdn&#8220; size=&#8220;fa-3x&#8220; uncode_shortcode_id=&#8220;775740&#8243; icon_color_type=&#8220;uncode-palette&#8220;][\/vc_icon][vc_custom_heading heading_semantic=&#8220;h4&#8243; text_size=&#8220;h4&#8243; text_weight=&#8220;400&#8243; text_height=&#8220;fontheight-226554&#8243; uncode_shortcode_id=&#8220;723756&#8243;]F\u00fcr Angebote oder weitere Informationen nutzen Sie bitte unser Kontaktformular.[\/vc_custom_heading][vc_empty_space empty_h=&#8220;1&#8243;][vc_custom_heading heading_semantic=&#8220;h4&#8243; text_size=&#8220;h5&#8243; text_weight=&#8220;600&#8243; text_height=&#8220;fontheight-226554&#8243; uncode_shortcode_id=&#8220;204024&#8243;]info@dradura.com[\/vc_custom_heading][vc_empty_space empty_h=&#8220;1&#8243;][vc_button button_color=&#8220;color-238799&#8243; size=&#8220;btn-sm&#8220; border_animation=&#8220;btn-ripple-out&#8220; hover_fx=&#8220;outlined&#8220; outline=&#8220;yes&#8220; border_width=&#8220;0&#8243; icon_position=&#8220;right&#8220; css_animation=&#8220;bottom-t-top&#8220; animation_delay=&#8220;800&#8243; link=&#8220;url:%2Fde%2Fkontakt%2F|title:Kontakt&#8220; button_color_type=&#8220;uncode-palette&#8220; uncode_shortcode_id=&#8220;385044&#8243; icon=&#8220;fa fa-arrow-right-outline&#8220; width=&#8220;250&#8243;]Anfrage[\/vc_button][\/vc_column_inner][vc_column_inner width=&#8220;1\/6&#8243;][\/vc_column_inner][\/vc_row_inner][\/vc_column][\/vc_row]<\/p>\n<\/div>","protected":false},"excerpt":{"rendered":"<p>[vc_row row_height_percent=&#8220;50&#8243; back_image=&#8220;142330&#8243; overlay_color=&#8220;color-193322&#8243; overlay_alpha=&#8220;5&#8243; overlay_animated=&#8220;yes&#8220; overlay_animated_1_color=&#8220;accent&#8220; gutter_size=&#8220;3&#8243; column_width_percent=&#8220;100&#8243; shift_y=&#8220;0&#8243; z_index=&#8220;0&#8243; sticky=&#8220;yes&#8220; uncode_shortcode_id=&#8220;163955&#8243; overlay_color_type=&#8220;uncode-palette&#8220; overlay_animated_1_color_type=&#8220;uncode-palette&#8220;][vc_column column_width_percent=&#8220;100&#8243; position_horizontal=&#8220;left&#8220; position_vertical=&#8220;middle&#8220; gutter_size=&#8220;3&#8243; style=&#8220;dark&#8220; [&hellip;]<\/p>\n","protected":false},"author":3,"featured_media":0,"parent":0,"menu_order":0,"comment_status":"closed","ping_status":"closed","template":"","meta":{"footnotes":""},"class_list":["post-145341","page","type-page","status-publish","hentry"],"yoast_head":"<!-- This site is optimized with the Yoast SEO plugin v27.4 - https:\/\/yoast.com\/product\/yoast-seo-wordpress\/ -->\n<title>DRADURA Standorte - Dradura<\/title>\n<meta name=\"description\" content=\"Dradura bietet industrielle Stahldrahtl\u00f6sungen mit global einheitlichen Qualit\u00e4ts-, Sicherheits- und Nachhaltigkeitsstandards \u2013 zuverl\u00e4ssig &amp; partnerschaftlich.\" \/>\n<meta name=\"robots\" content=\"index, follow, max-snippet:-1, max-image-preview:large, max-video-preview:-1\" \/>\n<link rel=\"canonical\" href=\"https:\/\/dradura.com\/locations\/\" \/>\n<meta property=\"og:locale\" content=\"de_DE\" \/>\n<meta property=\"og:type\" content=\"article\" \/>\n<meta property=\"og:title\" content=\"DRADURA Standorte - Dradura\" \/>\n<meta property=\"og:description\" content=\"Dradura bietet industrielle Stahldrahtl\u00f6sungen mit global einheitlichen Qualit\u00e4ts-, Sicherheits- und Nachhaltigkeitsstandards \u2013 zuverl\u00e4ssig &amp; partnerschaftlich.\" \/>\n<meta property=\"og:url\" content=\"https:\/\/dradura.com\/locations\/\" \/>\n<meta property=\"og:site_name\" content=\"Dradura\" \/>\n<meta property=\"article:modified_time\" content=\"2025-07-14T13:15:24+00:00\" \/>\n<meta property=\"og:image\" content=\"https:\/\/dradura.com\/wp-content\/uploads\/2025\/03\/dradura-steelwire-production.jpg\" \/>\n\t<meta property=\"og:image:width\" content=\"1200\" \/>\n\t<meta property=\"og:image:height\" content=\"675\" \/>\n\t<meta property=\"og:image:type\" content=\"image\/jpeg\" \/>\n<meta name=\"twitter:card\" content=\"summary_large_image\" \/>\n<meta name=\"twitter:label1\" content=\"Gesch\u00e4tzte Lesezeit\" \/>\n\t<meta name=\"twitter:data1\" content=\"3\u00a0Minuten\" \/>\n<script type=\"application\/ld+json\" class=\"yoast-schema-graph\">{\"@context\":\"https:\\\/\\\/schema.org\",\"@graph\":[{\"@type\":\"WebPage\",\"@id\":\"https:\\\/\\\/dradura.com\\\/locations\\\/\",\"url\":\"https:\\\/\\\/dradura.com\\\/locations\\\/\",\"name\":\"DRADURA Standorte - Dradura\",\"isPartOf\":{\"@id\":\"https:\\\/\\\/dradura.com\\\/#website\"},\"datePublished\":\"2024-10-06T17:39:39+00:00\",\"dateModified\":\"2025-07-14T13:15:24+00:00\",\"description\":\"Dradura bietet industrielle Stahldrahtl\u00f6sungen mit global einheitlichen Qualit\u00e4ts-, Sicherheits- und Nachhaltigkeitsstandards \u2013 zuverl\u00e4ssig & partnerschaftlich.\",\"breadcrumb\":{\"@id\":\"https:\\\/\\\/dradura.com\\\/locations\\\/#breadcrumb\"},\"inLanguage\":\"de\",\"potentialAction\":[{\"@type\":\"ReadAction\",\"target\":[\"https:\\\/\\\/dradura.com\\\/locations\\\/\"]}]},{\"@type\":\"BreadcrumbList\",\"@id\":\"https:\\\/\\\/dradura.com\\\/locations\\\/#breadcrumb\",\"itemListElement\":[{\"@type\":\"ListItem\",\"position\":1,\"name\":\"Home\",\"item\":\"https:\\\/\\\/dradura.com\\\/\"},{\"@type\":\"ListItem\",\"position\":2,\"name\":\"DRADURA Standorte\"}]},{\"@type\":\"WebSite\",\"@id\":\"https:\\\/\\\/dradura.com\\\/#website\",\"url\":\"https:\\\/\\\/dradura.com\\\/\",\"name\":\"Dradura Webseite\",\"description\":\"Industrial steel wire solutions\",\"publisher\":{\"@id\":\"https:\\\/\\\/dradura.com\\\/#organization\"},\"potentialAction\":[{\"@type\":\"SearchAction\",\"target\":{\"@type\":\"EntryPoint\",\"urlTemplate\":\"https:\\\/\\\/dradura.com\\\/?s={search_term_string}\"},\"query-input\":{\"@type\":\"PropertyValueSpecification\",\"valueRequired\":true,\"valueName\":\"search_term_string\"}}],\"inLanguage\":\"de\"},{\"@type\":\"Organization\",\"@id\":\"https:\\\/\\\/dradura.com\\\/#organization\",\"name\":\"Dradura \u2013 Industrial steel wire solutions manufacturer\",\"alternateName\":\"Dradura\",\"url\":\"https:\\\/\\\/dradura.com\\\/\",\"logo\":{\"@type\":\"ImageObject\",\"inLanguage\":\"de\",\"@id\":\"https:\\\/\\\/dradura.com\\\/#\\\/schema\\\/logo\\\/image\\\/\",\"url\":\"https:\\\/\\\/dradura.com\\\/wp-content\\\/uploads\\\/2025\\\/03\\\/dradura-logo.jpg\",\"contentUrl\":\"https:\\\/\\\/dradura.com\\\/wp-content\\\/uploads\\\/2025\\\/03\\\/dradura-logo.jpg\",\"width\":696,\"height\":696,\"caption\":\"Dradura \u2013 Industrial steel wire solutions manufacturer\"},\"image\":{\"@id\":\"https:\\\/\\\/dradura.com\\\/#\\\/schema\\\/logo\\\/image\\\/\"}}]}<\/script>\n<!-- \/ Yoast SEO plugin. -->","yoast_head_json":{"title":"DRADURA Standorte - Dradura","description":"Dradura bietet industrielle Stahldrahtl\u00f6sungen mit global einheitlichen Qualit\u00e4ts-, Sicherheits- und Nachhaltigkeitsstandards \u2013 zuverl\u00e4ssig & partnerschaftlich.","robots":{"index":"index","follow":"follow","max-snippet":"max-snippet:-1","max-image-preview":"max-image-preview:large","max-video-preview":"max-video-preview:-1"},"canonical":"https:\/\/dradura.com\/locations\/","og_locale":"de_DE","og_type":"article","og_title":"DRADURA Standorte - Dradura","og_description":"Dradura bietet industrielle Stahldrahtl\u00f6sungen mit global einheitlichen Qualit\u00e4ts-, Sicherheits- und Nachhaltigkeitsstandards \u2013 zuverl\u00e4ssig & partnerschaftlich.","og_url":"https:\/\/dradura.com\/locations\/","og_site_name":"Dradura","article_modified_time":"2025-07-14T13:15:24+00:00","og_image":[{"width":1200,"height":675,"url":"https:\/\/dradura.com\/wp-content\/uploads\/2025\/03\/dradura-steelwire-production.jpg","type":"image\/jpeg"}],"twitter_card":"summary_large_image","twitter_misc":{"Gesch\u00e4tzte Lesezeit":"3\u00a0Minuten"},"schema":{"@context":"https:\/\/schema.org","@graph":[{"@type":"WebPage","@id":"https:\/\/dradura.com\/locations\/","url":"https:\/\/dradura.com\/locations\/","name":"DRADURA Standorte - Dradura","isPartOf":{"@id":"https:\/\/dradura.com\/#website"},"datePublished":"2024-10-06T17:39:39+00:00","dateModified":"2025-07-14T13:15:24+00:00","description":"Dradura bietet industrielle Stahldrahtl\u00f6sungen mit global einheitlichen Qualit\u00e4ts-, Sicherheits- und Nachhaltigkeitsstandards \u2013 zuverl\u00e4ssig & partnerschaftlich.","breadcrumb":{"@id":"https:\/\/dradura.com\/locations\/#breadcrumb"},"inLanguage":"de","potentialAction":[{"@type":"ReadAction","target":["https:\/\/dradura.com\/locations\/"]}]},{"@type":"BreadcrumbList","@id":"https:\/\/dradura.com\/locations\/#breadcrumb","itemListElement":[{"@type":"ListItem","position":1,"name":"Home","item":"https:\/\/dradura.com\/"},{"@type":"ListItem","position":2,"name":"DRADURA Standorte"}]},{"@type":"WebSite","@id":"https:\/\/dradura.com\/#website","url":"https:\/\/dradura.com\/","name":"Dradura Webseite","description":"Industrial steel wire solutions","publisher":{"@id":"https:\/\/dradura.com\/#organization"},"potentialAction":[{"@type":"SearchAction","target":{"@type":"EntryPoint","urlTemplate":"https:\/\/dradura.com\/?s={search_term_string}"},"query-input":{"@type":"PropertyValueSpecification","valueRequired":true,"valueName":"search_term_string"}}],"inLanguage":"de"},{"@type":"Organization","@id":"https:\/\/dradura.com\/#organization","name":"Dradura \u2013 Industrial steel wire solutions manufacturer","alternateName":"Dradura","url":"https:\/\/dradura.com\/","logo":{"@type":"ImageObject","inLanguage":"de","@id":"https:\/\/dradura.com\/#\/schema\/logo\/image\/","url":"https:\/\/dradura.com\/wp-content\/uploads\/2025\/03\/dradura-logo.jpg","contentUrl":"https:\/\/dradura.com\/wp-content\/uploads\/2025\/03\/dradura-logo.jpg","width":696,"height":696,"caption":"Dradura \u2013 Industrial steel wire solutions manufacturer"},"image":{"@id":"https:\/\/dradura.com\/#\/schema\/logo\/image\/"}}]}},"_links":{"self":[{"href":"https:\/\/dradura.com\/de\/wp-json\/wp\/v2\/pages\/145341","targetHints":{"allow":["GET"]}}],"collection":[{"href":"https:\/\/dradura.com\/de\/wp-json\/wp\/v2\/pages"}],"about":[{"href":"https:\/\/dradura.com\/de\/wp-json\/wp\/v2\/types\/page"}],"author":[{"embeddable":true,"href":"https:\/\/dradura.com\/de\/wp-json\/wp\/v2\/users\/3"}],"replies":[{"embeddable":true,"href":"https:\/\/dradura.com\/de\/wp-json\/wp\/v2\/comments?post=145341"}],"version-history":[{"count":0,"href":"https:\/\/dradura.com\/de\/wp-json\/wp\/v2\/pages\/145341\/revisions"}],"wp:attachment":[{"href":"https:\/\/dradura.com\/de\/wp-json\/wp\/v2\/media?parent=145341"}],"curies":[{"name":"wp","href":"https:\/\/api.w.org\/{rel}","templated":true}]}}