{"id":146006,"date":"2025-02-13T15:41:41","date_gmt":"2025-02-13T15:41:41","guid":{"rendered":"https:\/\/dradura.com\/?page_id=146006"},"modified":"2025-11-04T11:54:28","modified_gmt":"2025-11-04T11:54:28","slug":"impressum","status":"publish","type":"page","link":"https:\/\/dradura.com\/de\/impressum\/","title":{"rendered":"Impressum"},"content":{"rendered":"<div class=\"wpb-content-wrapper\"><p>[vc_row row_height_percent=&#8220;0&#8243; overlay_alpha=&#8220;50&#8243; gutter_size=&#8220;3&#8243; column_width_percent=&#8220;100&#8243; shift_y=&#8220;0&#8243; z_index=&#8220;0&#8243; content_parallax=&#8220;0&#8243; uncode_shortcode_id=&#8220;630890&#8243;][vc_column width=&#8220;1\/1&#8243;][vc_empty_space empty_h=&#8220;3&#8243;][vc_custom_heading uncode_shortcode_id=&#8220;327623&#8243;]Impressum[\/vc_custom_heading][\/vc_column][\/vc_row][vc_row][vc_column][vc_column_text uncode_shortcode_id=&#8220;159913&#8243;]Angaben gem\u00e4\u00df \u00a7 5 TMG (Deutschland)<\/p>\n<p><strong>Firmenname:<\/strong><br \/>\nDRADURA Group GmbH<br \/>\nRechtsform: GmbH<\/p>\n<p><strong>Vertreten durch die Gesch\u00e4ftsf\u00fchrer:<\/strong><br \/>\nPeter Schmelzer, Thomas Seitz, Jan Kaiser, Mathias Christian Kohler<br \/>\nAnschrift: Talstra\u00dfe 2, 67317 Altleiningen, Germany<\/p>\n<p><strong>Kontakt:<\/strong><br \/>\nTelefon: +49 6356 966-0<br \/>\nE-Mail: <a href=\"mailto:postmaster@dradura.com\">postmaster@dradura.com<\/a><br \/>\nWebsite: <a href=\"https:\/\/www.dradura.com\">https:\/\/www.dradura.com<\/a><\/p>\n<p><strong>Registereintrag:<\/strong><br \/>\nRegistergericht: Ludwigshafen<br \/>\nRegisternummer: HRB 67665<\/p>\n<p><strong>Umsatzsteuer-ID:<\/strong><br \/>\nUmsatzsteuer-Identifikationsnummer gem\u00e4\u00df \u00a7 27a UStG: DE34 34 31 541<\/p>\n<p><strong>Haftungsausschluss:<\/strong><br \/>\nDie Inhalte dieser Website wurden mit gr\u00f6\u00dftm\u00f6glicher Sorgfalt erstellt. Dennoch \u00fcbernehmen wir keine Haftung f\u00fcr die Richtigkeit, Vollst\u00e4ndigkeit und Aktualit\u00e4t der bereitgestellten Inhalte.<\/p>\n<p><strong>Externe Links:<\/strong><br \/>\nUnsere Website kann Links zu externen Websites Dritter enthalten. F\u00fcr deren Inhalte \u00fcbernehmen wir keine Haftung.<\/p>\n<p><strong>Urheberrecht:<\/strong><br \/>\nDie durch uns erstellten Inhalte und Werke auf dieser Website unterliegen dem Urheberrecht. Jede Verwendung bedarf unserer schriftlichen Zustimmung.<\/p>\n<p><strong>Verantwortlich f\u00fcr journalistisch-redaktionell gestaltete Inhalte:<\/strong><br \/>\nThomas Seitz<br \/>\nTalstra\u00dfe 2, 67317 Altleiningen[\/vc_column_text][\/vc_column][\/vc_row]<\/p>\n<\/div>","protected":false},"excerpt":{"rendered":"<p>[vc_row row_height_percent=&#8220;0&#8243; overlay_alpha=&#8220;50&#8243; gutter_size=&#8220;3&#8243; column_width_percent=&#8220;100&#8243; shift_y=&#8220;0&#8243; z_index=&#8220;0&#8243; content_parallax=&#8220;0&#8243; uncode_shortcode_id=&#8220;630890&#8243;][vc_column width=&#8220;1\/1&#8243;][vc_empty_space empty_h=&#8220;3&#8243;][vc_custom_heading uncode_shortcode_id=&#8220;327623&#8243;]Impressum[\/vc_custom_heading][\/vc_column][\/vc_row][vc_row][vc_column][vc_column_text uncode_shortcode_id=&#8220;159913&#8243;]Angaben gem\u00e4\u00df \u00a7 5 TMG (Deutschland) Firmenname: DRADURA [&hellip;]<\/p>\n","protected":false},"author":2,"featured_media":0,"parent":0,"menu_order":0,"comment_status":"closed","ping_status":"closed","template":"","meta":{"footnotes":""},"class_list":["post-146006","page","type-page","status-publish","hentry"],"yoast_head":"<!-- This site is optimized with the Yoast SEO plugin v27.4 - https:\/\/yoast.com\/product\/yoast-seo-wordpress\/ -->\n<title>Impressum - Dradura<\/title>\n<meta name=\"robots\" content=\"noindex, follow\" \/>\n<meta property=\"og:locale\" content=\"de_DE\" \/>\n<meta property=\"og:type\" content=\"article\" \/>\n<meta property=\"og:title\" content=\"Impressum - Dradura\" \/>\n<meta property=\"og:description\" content=\"[vc_row row_height_percent=&#8220;0&#8243; overlay_alpha=&#8220;50&#8243; gutter_size=&#8220;3&#8243; column_width_percent=&#8220;100&#8243; shift_y=&#8220;0&#8243; z_index=&#8220;0&#8243; content_parallax=&#8220;0&#8243; uncode_shortcode_id=&#8220;630890&#8243;][vc_column width=&#8220;1\/1&#8243;][vc_empty_space empty_h=&#8220;3&#8243;][vc_custom_heading uncode_shortcode_id=&#8220;327623&#8243;]Impressum[\/vc_custom_heading][\/vc_column][\/vc_row][vc_row][vc_column][vc_column_text uncode_shortcode_id=&#8220;159913&#8243;]Angaben gem\u00e4\u00df \u00a7 5 TMG (Deutschland) Firmenname: DRADURA [&hellip;]\" \/>\n<meta property=\"og:url\" content=\"https:\/\/dradura.com\/de\/impressum\/\" \/>\n<meta property=\"og:site_name\" content=\"Dradura\" \/>\n<meta property=\"article:modified_time\" content=\"2025-11-04T11:54:28+00:00\" \/>\n<meta property=\"og:image\" content=\"https:\/\/dradura.com\/wp-content\/uploads\/2025\/03\/dradura-steelwire-production.jpg\" \/>\n\t<meta property=\"og:image:width\" content=\"1200\" \/>\n\t<meta property=\"og:image:height\" content=\"675\" \/>\n\t<meta property=\"og:image:type\" content=\"image\/jpeg\" \/>\n<meta name=\"twitter:card\" content=\"summary_large_image\" \/>\n<meta name=\"twitter:label1\" content=\"Gesch\u00e4tzte Lesezeit\" \/>\n\t<meta name=\"twitter:data1\" content=\"1\u00a0Minute\" \/>\n<script type=\"application\/ld+json\" class=\"yoast-schema-graph\">{\"@context\":\"https:\\\/\\\/schema.org\",\"@graph\":[{\"@type\":\"WebPage\",\"@id\":\"https:\\\/\\\/dradura.com\\\/de\\\/impressum\\\/\",\"url\":\"https:\\\/\\\/dradura.com\\\/de\\\/impressum\\\/\",\"name\":\"Impressum - Dradura\",\"isPartOf\":{\"@id\":\"https:\\\/\\\/dradura.com\\\/#website\"},\"datePublished\":\"2025-02-13T15:41:41+00:00\",\"dateModified\":\"2025-11-04T11:54:28+00:00\",\"breadcrumb\":{\"@id\":\"https:\\\/\\\/dradura.com\\\/de\\\/impressum\\\/#breadcrumb\"},\"inLanguage\":\"de\",\"potentialAction\":[{\"@type\":\"ReadAction\",\"target\":[\"https:\\\/\\\/dradura.com\\\/de\\\/impressum\\\/\"]}]},{\"@type\":\"BreadcrumbList\",\"@id\":\"https:\\\/\\\/dradura.com\\\/de\\\/impressum\\\/#breadcrumb\",\"itemListElement\":[{\"@type\":\"ListItem\",\"position\":1,\"name\":\"Home\",\"item\":\"https:\\\/\\\/dradura.com\\\/\"},{\"@type\":\"ListItem\",\"position\":2,\"name\":\"Impressum\"}]},{\"@type\":\"WebSite\",\"@id\":\"https:\\\/\\\/dradura.com\\\/#website\",\"url\":\"https:\\\/\\\/dradura.com\\\/\",\"name\":\"Dradura Webseite\",\"description\":\"Industrial steel wire solutions\",\"publisher\":{\"@id\":\"https:\\\/\\\/dradura.com\\\/#organization\"},\"potentialAction\":[{\"@type\":\"SearchAction\",\"target\":{\"@type\":\"EntryPoint\",\"urlTemplate\":\"https:\\\/\\\/dradura.com\\\/?s={search_term_string}\"},\"query-input\":{\"@type\":\"PropertyValueSpecification\",\"valueRequired\":true,\"valueName\":\"search_term_string\"}}],\"inLanguage\":\"de\"},{\"@type\":\"Organization\",\"@id\":\"https:\\\/\\\/dradura.com\\\/#organization\",\"name\":\"Dradura \u2013 Industrial steel wire solutions manufacturer\",\"alternateName\":\"Dradura\",\"url\":\"https:\\\/\\\/dradura.com\\\/\",\"logo\":{\"@type\":\"ImageObject\",\"inLanguage\":\"de\",\"@id\":\"https:\\\/\\\/dradura.com\\\/#\\\/schema\\\/logo\\\/image\\\/\",\"url\":\"https:\\\/\\\/dradura.com\\\/wp-content\\\/uploads\\\/2025\\\/03\\\/dradura-logo.jpg\",\"contentUrl\":\"https:\\\/\\\/dradura.com\\\/wp-content\\\/uploads\\\/2025\\\/03\\\/dradura-logo.jpg\",\"width\":696,\"height\":696,\"caption\":\"Dradura \u2013 Industrial steel wire solutions manufacturer\"},\"image\":{\"@id\":\"https:\\\/\\\/dradura.com\\\/#\\\/schema\\\/logo\\\/image\\\/\"}}]}<\/script>\n<!-- \/ Yoast SEO plugin. -->","yoast_head_json":{"title":"Impressum - Dradura","robots":{"index":"noindex","follow":"follow"},"og_locale":"de_DE","og_type":"article","og_title":"Impressum - Dradura","og_description":"[vc_row row_height_percent=&#8220;0&#8243; overlay_alpha=&#8220;50&#8243; gutter_size=&#8220;3&#8243; column_width_percent=&#8220;100&#8243; shift_y=&#8220;0&#8243; z_index=&#8220;0&#8243; content_parallax=&#8220;0&#8243; uncode_shortcode_id=&#8220;630890&#8243;][vc_column width=&#8220;1\/1&#8243;][vc_empty_space empty_h=&#8220;3&#8243;][vc_custom_heading uncode_shortcode_id=&#8220;327623&#8243;]Impressum[\/vc_custom_heading][\/vc_column][\/vc_row][vc_row][vc_column][vc_column_text uncode_shortcode_id=&#8220;159913&#8243;]Angaben gem\u00e4\u00df \u00a7 5 TMG (Deutschland) Firmenname: DRADURA [&hellip;]","og_url":"https:\/\/dradura.com\/de\/impressum\/","og_site_name":"Dradura","article_modified_time":"2025-11-04T11:54:28+00:00","og_image":[{"width":1200,"height":675,"url":"https:\/\/dradura.com\/wp-content\/uploads\/2025\/03\/dradura-steelwire-production.jpg","type":"image\/jpeg"}],"twitter_card":"summary_large_image","twitter_misc":{"Gesch\u00e4tzte Lesezeit":"1\u00a0Minute"},"schema":{"@context":"https:\/\/schema.org","@graph":[{"@type":"WebPage","@id":"https:\/\/dradura.com\/de\/impressum\/","url":"https:\/\/dradura.com\/de\/impressum\/","name":"Impressum - Dradura","isPartOf":{"@id":"https:\/\/dradura.com\/#website"},"datePublished":"2025-02-13T15:41:41+00:00","dateModified":"2025-11-04T11:54:28+00:00","breadcrumb":{"@id":"https:\/\/dradura.com\/de\/impressum\/#breadcrumb"},"inLanguage":"de","potentialAction":[{"@type":"ReadAction","target":["https:\/\/dradura.com\/de\/impressum\/"]}]},{"@type":"BreadcrumbList","@id":"https:\/\/dradura.com\/de\/impressum\/#breadcrumb","itemListElement":[{"@type":"ListItem","position":1,"name":"Home","item":"https:\/\/dradura.com\/"},{"@type":"ListItem","position":2,"name":"Impressum"}]},{"@type":"WebSite","@id":"https:\/\/dradura.com\/#website","url":"https:\/\/dradura.com\/","name":"Dradura Webseite","description":"Industrial steel wire solutions","publisher":{"@id":"https:\/\/dradura.com\/#organization"},"potentialAction":[{"@type":"SearchAction","target":{"@type":"EntryPoint","urlTemplate":"https:\/\/dradura.com\/?s={search_term_string}"},"query-input":{"@type":"PropertyValueSpecification","valueRequired":true,"valueName":"search_term_string"}}],"inLanguage":"de"},{"@type":"Organization","@id":"https:\/\/dradura.com\/#organization","name":"Dradura \u2013 Industrial steel wire solutions manufacturer","alternateName":"Dradura","url":"https:\/\/dradura.com\/","logo":{"@type":"ImageObject","inLanguage":"de","@id":"https:\/\/dradura.com\/#\/schema\/logo\/image\/","url":"https:\/\/dradura.com\/wp-content\/uploads\/2025\/03\/dradura-logo.jpg","contentUrl":"https:\/\/dradura.com\/wp-content\/uploads\/2025\/03\/dradura-logo.jpg","width":696,"height":696,"caption":"Dradura \u2013 Industrial steel wire solutions manufacturer"},"image":{"@id":"https:\/\/dradura.com\/#\/schema\/logo\/image\/"}}]}},"_links":{"self":[{"href":"https:\/\/dradura.com\/de\/wp-json\/wp\/v2\/pages\/146006","targetHints":{"allow":["GET"]}}],"collection":[{"href":"https:\/\/dradura.com\/de\/wp-json\/wp\/v2\/pages"}],"about":[{"href":"https:\/\/dradura.com\/de\/wp-json\/wp\/v2\/types\/page"}],"author":[{"embeddable":true,"href":"https:\/\/dradura.com\/de\/wp-json\/wp\/v2\/users\/2"}],"replies":[{"embeddable":true,"href":"https:\/\/dradura.com\/de\/wp-json\/wp\/v2\/comments?post=146006"}],"version-history":[{"count":0,"href":"https:\/\/dradura.com\/de\/wp-json\/wp\/v2\/pages\/146006\/revisions"}],"wp:attachment":[{"href":"https:\/\/dradura.com\/de\/wp-json\/wp\/v2\/media?parent=146006"}],"curies":[{"name":"wp","href":"https:\/\/api.w.org\/{rel}","templated":true}]}}