{"id":146803,"date":"2024-10-06T17:39:39","date_gmt":"2024-10-06T17:39:39","guid":{"rendered":"https:\/\/dradura.com\/?page_id=146803"},"modified":"2025-07-14T13:17:23","modified_gmt":"2025-07-14T13:17:23","slug":"lokalizacje","status":"publish","type":"page","link":"https:\/\/dradura.com\/pl\/lokalizacje\/","title":{"rendered":"DRADURA Lokalizacje"},"content":{"rendered":"<div class=\"wpb-content-wrapper\"><p>[vc_row row_height_percent=&#8221;50&#8243; back_image=&#8221;142330&#8243; overlay_color=&#8221;color-193322&#8243; overlay_alpha=&#8221;5&#8243; overlay_animated=&#8221;yes&#8221; overlay_animated_1_color=&#8221;accent&#8221; gutter_size=&#8221;3&#8243; column_width_percent=&#8221;100&#8243; shift_y=&#8221;0&#8243; z_index=&#8221;0&#8243; sticky=&#8221;yes&#8221; uncode_shortcode_id=&#8221;163955&#8243; overlay_color_type=&#8221;uncode-palette&#8221; overlay_animated_1_color_type=&#8221;uncode-palette&#8221;][vc_column column_width_percent=&#8221;100&#8243; position_horizontal=&#8221;left&#8221; position_vertical=&#8221;middle&#8221; gutter_size=&#8221;3&#8243; style=&#8221;dark&#8221; overlay_alpha=&#8221;50&#8243; shift_x=&#8221;0&#8243; shift_y=&#8221;0&#8243; shift_y_down=&#8221;0&#8243; z_index=&#8221;0&#8243; medium_width=&#8221;0&#8243; mobile_width=&#8221;0&#8243; width=&#8221;1\/1&#8243; uncode_shortcode_id=&#8221;132308&#8243;][vc_empty_space empty_h=&#8221;3&#8243;][vc_row_inner][vc_column_inner column_width_percent=&#8221;100&#8243; position_horizontal=&#8221;left&#8221; gutter_size=&#8221;3&#8243; style=&#8221;dark&#8221; overlay_alpha=&#8221;50&#8243; shift_x=&#8221;0&#8243; shift_y=&#8221;0&#8243; shift_y_down=&#8221;0&#8243; z_index=&#8221;0&#8243; medium_width=&#8221;0&#8243; mobile_width=&#8221;0&#8243; css_animation=&#8221;bottom-t-top&#8221; parallax_intensity=&#8221;3&#8243; parallax_centered=&#8221;yes&#8221; width=&#8221;1\/1&#8243; uncode_shortcode_id=&#8221;304140&#8243;][vc_custom_heading text_color=&#8221;color-xsdn&#8221; heading_semantic=&#8221;h3&#8243; text_size=&#8221;fontsize-144391&#8243; text_weight=&#8221;300&#8243; css_animation=&#8221;right-t-left&#8221; animation_delay=&#8221;500&#8243; uncode_shortcode_id=&#8221;315118&#8243; text_color_type=&#8221;uncode-palette&#8221;]<strong>Ekspert <\/strong>w dziedzinie przemys\u0142owej produkcji komponent\u00f3w z <strong>drutu stalowego<\/strong>[\/vc_custom_heading][\/vc_column_inner][\/vc_row_inner][vc_row_inner][vc_column_inner column_width_use_pixel=&#8221;yes&#8221; position_horizontal=&#8221;left&#8221; gutter_size=&#8221;3&#8243; style=&#8221;dark&#8221; overlay_alpha=&#8221;50&#8243; shift_x=&#8221;0&#8243; shift_y=&#8221;0&#8243; shift_y_down=&#8221;0&#8243; z_index=&#8221;0&#8243; medium_width=&#8221;0&#8243; mobile_width=&#8221;0&#8243; css_animation=&#8221;bottom-t-top&#8221; parallax_intensity=&#8221;3&#8243; parallax_centered=&#8221;yes&#8221; width=&#8221;1\/1&#8243; uncode_shortcode_id=&#8221;139609&#8243; column_width_pixel=&#8221;1100&#8243;][vc_custom_heading text_color=&#8221;color-xsdn&#8221; text_weight=&#8221;300&#8243; text_space=&#8221;fontspace-123829&#8243; css_animation=&#8221;right-t-left&#8221; animation_delay=&#8221;500&#8243; uncode_shortcode_id=&#8221;146182&#8243; text_color_type=&#8221;uncode-palette&#8221;]Zapewniamy jednolit\u0105 jako\u015b\u0107 i standardy we wszystkich naszych lokalizacjach[\/vc_custom_heading][vc_custom_heading text_color=&#8221;color-xsdn&#8221; heading_semantic=&#8221;h3&#8243; text_size=&#8221;h4&#8243; text_height=&#8221;fontheight-289079&#8243; text_uppercase=&#8221;&#8221; uncode_shortcode_id=&#8221;166033&#8243; text_color_type=&#8221;uncode-palette&#8221;]Skontaktuj si\u0119 z jedn\u0105 z naszych fabryk lub biur w Europie i USA, czerpi\u0105c korzy\u015bci z blisko\u015bci zaufanego producenta koszy, p\u00f3\u0142ek, ruszt\u00f3w, wieszak\u00f3w i innych produkt\u00f3w z drutu stalowego.[\/vc_custom_heading][vc_empty_space empty_h=&#8221;1&#8243;][vc_button button_color=&#8221;color-238799&#8243; size=&#8221;btn-sm&#8221; border_animation=&#8221;btn-ripple-out&#8221; hover_fx=&#8221;outlined&#8221; outline=&#8221;yes&#8221; border_width=&#8221;0&#8243; icon_position=&#8221;right&#8221; css_animation=&#8221;bottom-t-top&#8221; animation_delay=&#8221;800&#8243; link=&#8221;url:%2Fcontact%2F&#8221; button_color_type=&#8221;uncode-palette&#8221; uncode_shortcode_id=&#8221;261024&#8243; icon=&#8221;fa fa-arrow-right-outline&#8221; width=&#8221;250&#8243;]Get a quote \/ contact us[\/vc_button][\/vc_column_inner][\/vc_row_inner][vc_empty_space empty_h=&#8221;4&#8243;][\/vc_column][\/vc_row][vc_row row_height_percent=&#8221;0&#8243; override_padding=&#8221;yes&#8221; h_padding=&#8221;2&#8243; top_padding=&#8221;5&#8243; bottom_padding=&#8221;4&#8243; back_color=&#8221;color-xsdn&#8221; back_image=&#8221;996&#8243; overlay_alpha=&#8221;100&#8243; gutter_size=&#8221;3&#8243; column_width_percent=&#8221;100&#8243; shift_y=&#8221;0&#8243; z_index=&#8221;0&#8243; content_parallax=&#8221;0&#8243; row_height_use_pixel=&#8221;&#8221; uncode_shortcode_id=&#8221;164845&#8243; el_class=&#8221;streifen-bg-rechts&#8221; back_size=&#8221;200%&#8221; back_color_type=&#8221;uncode-palette&#8221;][vc_column column_width_percent=&#8221;100&#8243; position_horizontal=&#8221;left&#8221; gutter_size=&#8221;3&#8243; overlay_alpha=&#8221;50&#8243; shift_x=&#8221;0&#8243; shift_y=&#8221;0&#8243; shift_y_down=&#8221;0&#8243; z_index=&#8221;0&#8243; medium_width=&#8221;7&#8243; mobile_width=&#8221;7&#8243; zoom_width=&#8221;0&#8243; zoom_height=&#8221;0&#8243; width=&#8221;10\/12&#8243; uncode_shortcode_id=&#8221;191746&#8243;][vc_empty_space empty_h=&#8221;3&#8243; medium_visibility=&#8221;yes&#8221; mobile_visibility=&#8221;yes&#8221;][vc_row_inner][vc_column_inner column_width_percent=&#8221;100&#8243; position_horizontal=&#8221;left&#8221; gutter_size=&#8221;3&#8243; overlay_alpha=&#8221;50&#8243; shift_x=&#8221;0&#8243; shift_y=&#8221;0&#8243; shift_y_down=&#8221;0&#8243; z_index=&#8221;0&#8243; medium_width=&#8221;7&#8243; mobile_width=&#8221;7&#8243; width=&#8221;5\/6&#8243; uncode_shortcode_id=&#8221;147669&#8243;][vc_custom_heading text_color=&#8221;color-697382&#8243; text_size=&#8221;h1&#8243; css_animation=&#8221;right-t-left&#8221; animation_delay=&#8221;400&#8243; text_uppercase=&#8221;&#8221; uncode_shortcode_id=&#8221;112920&#8243; text_color_type=&#8221;uncode-palette&#8221;]<strong>Globalny zasi\u0119g<\/strong>, jednolite standardy[\/vc_custom_heading][vc_empty_space empty_h=&#8221;2&#8243;][vc_custom_heading text_color=&#8221;color-697382&#8243; heading_semantic=&#8221;h3&#8243; text_size=&#8221;h3&#8243; text_weight=&#8221;400&#8243; text_height=&#8221;fontheight-289079&#8243; text_uppercase=&#8221;&#8221; uncode_shortcode_id=&#8221;163514&#8243; text_color_type=&#8221;uncode-palette&#8221;]DRADURA dzia\u0142a globalnie w r\u00f3\u017cnych rejonach \u015bwiata. Niezale\u017cnie od lokalizacji dzia\u0142amy jak jeden zesp\u00f3\u0142, gwarantuj\u0105c najwy\u017csz\u0105 jako\u015b\u0107, bezpiecze\u0144stwo i zr\u00f3wnowa\u017cony rozw\u00f3j we wszystkich naszych fabrykach.[\/vc_custom_heading][vc_empty_space empty_h=&#8221;3&#8243;][\/vc_column_inner][vc_column_inner width=&#8221;1\/6&#8243;][\/vc_column_inner][\/vc_row_inner][vc_custom_heading text_color=&#8221;color-697382&#8243; heading_semantic=&#8221;h3&#8243; text_size=&#8221;h3&#8243; text_weight=&#8221;600&#8243; text_height=&#8221;fontheight-289079&#8243; text_uppercase=&#8221;&#8221; uncode_shortcode_id=&#8221;145265&#8243; text_color_type=&#8221;uncode-palette&#8221;]Skontaktuj si\u0119 z najbli\u017cszym biurem, aby skorzysta\u0107 z naszej specjalistycznej wiedzy produkcyjnej i przekona\u0107 si\u0119 o zaletach wsp\u00f3\u0142pracy z DRADURA.[\/vc_custom_heading][vc_empty_space empty_h=&#8221;2&#8243; desktop_visibility=&#8221;yes&#8221; medium_visibility=&#8221;yes&#8221; mobile_visibility=&#8221;yes&#8221;][\/vc_column][vc_column width=&#8221;2\/12&#8243;][\/vc_column][\/vc_row][vc_row row_height_percent=&#8221;0&#8243; override_padding=&#8221;yes&#8221; h_padding=&#8221;2&#8243; top_padding=&#8221;2&#8243; bottom_padding=&#8221;0&#8243; back_color=&#8221;color-xsdn&#8221; overlay_alpha=&#8221;50&#8243; gutter_size=&#8221;3&#8243; column_width_percent=&#8221;100&#8243; shift_y=&#8221;0&#8243; z_index=&#8221;0&#8243; content_parallax=&#8221;0&#8243; uncode_shortcode_id=&#8221;173619&#8243; back_color_type=&#8221;uncode-palette&#8221;][vc_column column_width_percent=&#8221;100&#8243; gutter_size=&#8221;3&#8243; overlay_alpha=&#8221;50&#8243; shift_x=&#8221;0&#8243; shift_y=&#8221;0&#8243; shift_y_down=&#8221;0&#8243; z_index=&#8221;0&#8243; medium_width=&#8221;7&#8243; mobile_width=&#8221;7&#8243; width=&#8221;1\/2&#8243; uncode_shortcode_id=&#8221;426653&#8243;][vc_row_inner][vc_column_inner width=&#8221;1\/2&#8243;][vc_single_image media=&#8221;142833&#8243; media_width_use_pixel=&#8221;yes&#8221; uncode_shortcode_id=&#8221;127972&#8243; media_width_pixel=&#8221;100&#8243; el_class=&#8221;flaggen&#8221;][vc_custom_heading text_color=&#8221;color-697382&#8243; heading_semantic=&#8221;p&#8221; text_size=&#8221;h5&#8243; text_weight=&#8221;600&#8243; uncode_shortcode_id=&#8221;146884&#8243; text_color_type=&#8221;uncode-palette&#8221;]DRADURA Polska[\/vc_custom_heading][vc_custom_heading heading_semantic=&#8221;p&#8221; text_size=&#8221;&#8221; text_weight=&#8221;400&#8243; uncode_shortcode_id=&#8221;213548&#8243;]ul. Techniczna 8\/10<br \/>\n92-518 \u0141od\u017a<br \/>\nPolska<\/p>\n<p>&nbsp;<\/p>\n<p><strong>Tel.: +48 42 2542-000<\/strong>[\/vc_custom_heading][\/vc_column_inner][vc_column_inner width=&#8221;1\/2&#8243;][vc_single_image media=&#8221;142829&#8243; media_width_use_pixel=&#8221;yes&#8221; uncode_shortcode_id=&#8221;118393&#8243; media_width_pixel=&#8221;100&#8243; el_class=&#8221;flaggen&#8221;][vc_custom_heading text_color=&#8221;color-697382&#8243; heading_semantic=&#8221;p&#8221; text_size=&#8221;h5&#8243; text_weight=&#8221;600&#8243; uncode_shortcode_id=&#8221;127751&#8243; text_color_type=&#8221;uncode-palette&#8221;]DRADURA Italia (OMIM)[\/vc_custom_heading][vc_custom_heading heading_semantic=&#8221;p&#8221; text_size=&#8221;&#8221; text_weight=&#8221;400&#8243; uncode_shortcode_id=&#8221;901758&#8243;]Via J. F. Kennedy, 8<br \/>\n30027 San Don\u00e0 di Piave (VE)<br \/>\nItaly<\/p>\n<p>&nbsp;<\/p>\n<p><strong>Tel.: +39 0421 497-511<\/strong>[\/vc_custom_heading][\/vc_column_inner][\/vc_row_inner][\/vc_column][vc_column column_width_percent=&#8221;100&#8243; gutter_size=&#8221;3&#8243; overlay_alpha=&#8221;50&#8243; shift_x=&#8221;0&#8243; shift_y=&#8221;0&#8243; shift_y_down=&#8221;0&#8243; z_index=&#8221;0&#8243; medium_width=&#8221;7&#8243; mobile_width=&#8221;7&#8243; width=&#8221;1\/2&#8243; uncode_shortcode_id=&#8221;153087&#8243;][vc_row_inner][vc_column_inner width=&#8221;1\/2&#8243;][vc_single_image media=&#8221;142829&#8243; media_width_use_pixel=&#8221;yes&#8221; uncode_shortcode_id=&#8221;118393&#8243; media_width_pixel=&#8221;100&#8243; el_class=&#8221;flaggen&#8221;][vc_custom_heading text_color=&#8221;color-697382&#8243; heading_semantic=&#8221;p&#8221; text_size=&#8221;h5&#8243; text_weight=&#8221;600&#8243; uncode_shortcode_id=&#8221;138924&#8243; text_color_type=&#8221;uncode-palette&#8221;]DRADURA Italia (COME)[\/vc_custom_heading][vc_custom_heading heading_semantic=&#8221;p&#8221; text_size=&#8221;&#8221; text_weight=&#8221;400&#8243; uncode_shortcode_id=&#8221;177384&#8243;]Via Monferrato, 4<br \/>\n15030 Conzano (AL)<br \/>\nItaly<\/p>\n<p>&nbsp;<\/p>\n<p><strong>Tel.: +39 0142 925-545<\/strong>[\/vc_custom_heading][\/vc_column_inner][vc_column_inner width=&#8221;1\/2&#8243;][vc_single_image media=&#8221;142837&#8243; media_width_use_pixel=&#8221;yes&#8221; uncode_shortcode_id=&#8221;689197&#8243; media_width_pixel=&#8221;100&#8243; el_class=&#8221;flaggen&#8221;][vc_custom_heading text_color=&#8221;color-697382&#8243; heading_semantic=&#8221;p&#8221; text_size=&#8221;h5&#8243; text_weight=&#8221;600&#8243; uncode_shortcode_id=&#8221;107706&#8243; text_color_type=&#8221;uncode-palette&#8221;]DRADURA USA[\/vc_custom_heading][vc_custom_heading heading_semantic=&#8221;p&#8221; text_size=&#8221;&#8221; text_weight=&#8221;400&#8243; uncode_shortcode_id=&#8221;201767&#8243;]197 Bosch Blvd.<br \/>\nNew Bern NC 28562<br \/>\nUSA<\/p>\n<p>&nbsp;<\/p>\n<p><strong>Tel.: +1 252 637-9660<\/strong>[\/vc_custom_heading][\/vc_column_inner][\/vc_row_inner][\/vc_column][\/vc_row][vc_row row_height_percent=&#8221;0&#8243; override_padding=&#8221;yes&#8221; h_padding=&#8221;2&#8243; top_padding=&#8221;2&#8243; bottom_padding=&#8221;6&#8243; back_color=&#8221;color-xsdn&#8221; overlay_alpha=&#8221;50&#8243; gutter_size=&#8221;3&#8243; column_width_percent=&#8221;100&#8243; shift_y=&#8221;0&#8243; z_index=&#8221;0&#8243; content_parallax=&#8221;0&#8243; uncode_shortcode_id=&#8221;120577&#8243; back_color_type=&#8221;uncode-palette&#8221;][vc_column column_width_percent=&#8221;100&#8243; position_vertical=&#8221;bottom&#8221; gutter_size=&#8221;3&#8243; overlay_alpha=&#8221;50&#8243; shift_x=&#8221;0&#8243; shift_y=&#8221;0&#8243; shift_y_down=&#8221;0&#8243; z_index=&#8221;0&#8243; medium_width=&#8221;7&#8243; mobile_width=&#8221;7&#8243; width=&#8221;1\/2&#8243; uncode_shortcode_id=&#8221;989353&#8243;][vc_row_inner][vc_column_inner width=&#8221;1\/2&#8243;][\/vc_column_inner][vc_column_inner width=&#8221;1\/2&#8243;][vc_single_image media=&#8221;142825&#8243; media_width_use_pixel=&#8221;yes&#8221; uncode_shortcode_id=&#8221;114506&#8243; media_width_pixel=&#8221;100&#8243; el_class=&#8221;flaggen&#8221;][vc_custom_heading text_color=&#8221;color-697382&#8243; heading_semantic=&#8221;p&#8221; text_size=&#8221;h5&#8243; text_weight=&#8221;600&#8243; uncode_shortcode_id=&#8221;975819&#8243; text_color_type=&#8221;uncode-palette&#8221;]DRADURA Group<br \/>\nHeadquarter[\/vc_custom_heading][vc_custom_heading heading_semantic=&#8221;p&#8221; text_size=&#8221;&#8221; text_weight=&#8221;400&#8243; uncode_shortcode_id=&#8221;187531&#8243;]Talstra\u00dfe 2<br \/>\n67317 Altleiningen<br \/>\nGermany<\/p>\n<p>&nbsp;<\/p>\n<p><strong>Tel.: +49 6356 966-0<\/strong>[\/vc_custom_heading][\/vc_column_inner][\/vc_row_inner][\/vc_column][vc_column column_width_percent=&#8221;100&#8243; gutter_size=&#8221;3&#8243; overlay_alpha=&#8221;50&#8243; shift_x=&#8221;0&#8243; shift_y=&#8221;0&#8243; shift_y_down=&#8221;0&#8243; z_index=&#8221;0&#8243; medium_width=&#8221;7&#8243; mobile_width=&#8221;7&#8243; width=&#8221;1\/2&#8243; uncode_shortcode_id=&#8221;153087&#8243;][vc_empty_space empty_h=&#8221;3&#8243;][vc_row_inner row_inner_height_percent=&#8221;0&#8243; overlay_alpha=&#8221;50&#8243; gutter_size=&#8221;3&#8243; shift_y=&#8221;0&#8243; z_index=&#8221;0&#8243; limit_content=&#8221;&#8221; uncode_shortcode_id=&#8221;159101&#8243;][vc_column_inner column_width_percent=&#8221;100&#8243; position_horizontal=&#8221;left&#8221; position_vertical=&#8221;justify&#8221; gutter_size=&#8221;2&#8243; style=&#8221;dark&#8221; overlay_alpha=&#8221;50&#8243; radius=&#8221;std&#8221; shift_x=&#8221;0&#8243; shift_y=&#8221;0&#8243; shift_y_down=&#8221;0&#8243; z_index=&#8221;0&#8243; medium_width=&#8221;7&#8243; align_mobile=&#8221;align_center_mobile&#8221; mobile_width=&#8221;7&#8243; width=&#8221;5\/6&#8243; uncode_shortcode_id=&#8221;209070&#8243; back_color_type=&#8221;uncode-gradient&#8221; back_color_gradient=&#8221;{&#8222;css&#8222;:&#8222;background: radial-gradient(circle at left center , rgb(1, 99, 174) 11% , rgb(7, 78, 133) 92%);&#8222;,&#8222;sliders&#8222;:`{`{&#8222;color&#8222;:&#8222;rgb(1, 99, 174)&#8222;,&#8222;position&#8222;:11},{&#8222;color&#8222;:&#8222;rgb(7, 78, 133)&#8222;,&#8222;position&#8222;:92}`}`,&#8222;type&#8222;:&#8222;circle&#8222;,&#8222;direction&#8222;:&#8222;left center&#8222;}&#8221;][vc_icon icon=&#8221;fa fa-chevron-right-circle&#8221; icon_color=&#8221;color-xsdn&#8221; size=&#8221;fa-3x&#8221; uncode_shortcode_id=&#8221;775740&#8243; icon_color_type=&#8221;uncode-palette&#8221;][\/vc_icon][vc_custom_heading heading_semantic=&#8221;h4&#8243; text_size=&#8221;h4&#8243; text_weight=&#8221;400&#8243; text_height=&#8221;fontheight-226554&#8243; uncode_shortcode_id=&#8221;171203&#8243;]Aby otrzyma\u0107 wycen\u0119 lub dowiedzie\u0107 si\u0119 wi\u0119cej, skorzystaj z naszego formularza kontaktowego.[\/vc_custom_heading][vc_empty_space empty_h=&#8221;1&#8243;][vc_custom_heading heading_semantic=&#8221;h4&#8243; text_size=&#8221;h5&#8243; text_weight=&#8221;600&#8243; text_height=&#8221;fontheight-226554&#8243; uncode_shortcode_id=&#8221;204024&#8243;]info@dradura.com[\/vc_custom_heading][vc_empty_space empty_h=&#8221;1&#8243;][vc_button button_color=&#8221;color-238799&#8243; size=&#8221;btn-sm&#8221; border_animation=&#8221;btn-ripple-out&#8221; hover_fx=&#8221;outlined&#8221; outline=&#8221;yes&#8221; border_width=&#8221;0&#8243; icon_position=&#8221;right&#8221; css_animation=&#8221;bottom-t-top&#8221; animation_delay=&#8221;800&#8243; link=&#8221;url:%2Fcontact%2F&#8221; button_color_type=&#8221;uncode-palette&#8221; uncode_shortcode_id=&#8221;131504&#8243; icon=&#8221;fa fa-arrow-right-outline&#8221; width=&#8221;250&#8243;]SKONTAKTUJ SI\u0118 Z NAMI[\/vc_button][\/vc_column_inner][vc_column_inner width=&#8221;1\/6&#8243;][\/vc_column_inner][\/vc_row_inner][\/vc_column][\/vc_row]<\/p>\n<\/div>","protected":false},"excerpt":{"rendered":"<p>[vc_row row_height_percent=&#8221;50&#8243; back_image=&#8221;142330&#8243; overlay_color=&#8221;color-193322&#8243; overlay_alpha=&#8221;5&#8243; overlay_animated=&#8221;yes&#8221; overlay_animated_1_color=&#8221;accent&#8221; gutter_size=&#8221;3&#8243; column_width_percent=&#8221;100&#8243; shift_y=&#8221;0&#8243; z_index=&#8221;0&#8243; sticky=&#8221;yes&#8221; uncode_shortcode_id=&#8221;163955&#8243; overlay_color_type=&#8221;uncode-palette&#8221; overlay_animated_1_color_type=&#8221;uncode-palette&#8221;][vc_column column_width_percent=&#8221;100&#8243; position_horizontal=&#8221;left&#8221; position_vertical=&#8221;middle&#8221; gutter_size=&#8221;3&#8243; style=&#8221;dark&#8221; [&hellip;]<\/p>\n","protected":false},"author":3,"featured_media":0,"parent":0,"menu_order":0,"comment_status":"closed","ping_status":"closed","template":"","meta":{"footnotes":""},"class_list":["post-146803","page","type-page","status-publish","hentry"],"yoast_head":"<!-- This site is optimized with the Yoast SEO plugin v27.4 - https:\/\/yoast.com\/product\/yoast-seo-wordpress\/ -->\n<title>DRADURA Lokalizacje - Dradura<\/title>\n<meta name=\"robots\" content=\"index, follow, max-snippet:-1, max-image-preview:large, max-video-preview:-1\" \/>\n<link rel=\"canonical\" href=\"https:\/\/dradura.com\/locations\/\" \/>\n<meta property=\"og:locale\" content=\"pl_PL\" \/>\n<meta property=\"og:type\" content=\"article\" \/>\n<meta property=\"og:title\" content=\"DRADURA Lokalizacje - Dradura\" \/>\n<meta property=\"og:description\" content=\"[vc_row row_height_percent=&#8221;50&#8243; back_image=&#8221;142330&#8243; overlay_color=&#8221;color-193322&#8243; overlay_alpha=&#8221;5&#8243; overlay_animated=&#8221;yes&#8221; overlay_animated_1_color=&#8221;accent&#8221; gutter_size=&#8221;3&#8243; column_width_percent=&#8221;100&#8243; shift_y=&#8221;0&#8243; z_index=&#8221;0&#8243; sticky=&#8221;yes&#8221; uncode_shortcode_id=&#8221;163955&#8243; overlay_color_type=&#8221;uncode-palette&#8221; overlay_animated_1_color_type=&#8221;uncode-palette&#8221;][vc_column column_width_percent=&#8221;100&#8243; position_horizontal=&#8221;left&#8221; position_vertical=&#8221;middle&#8221; gutter_size=&#8221;3&#8243; style=&#8221;dark&#8221; [&hellip;]\" \/>\n<meta property=\"og:url\" content=\"https:\/\/dradura.com\/locations\/\" \/>\n<meta property=\"og:site_name\" content=\"Dradura\" \/>\n<meta property=\"article:modified_time\" content=\"2025-07-14T13:17:23+00:00\" \/>\n<meta property=\"og:image\" content=\"https:\/\/dradura.com\/wp-content\/uploads\/2025\/03\/dradura-steelwire-production.jpg\" \/>\n\t<meta property=\"og:image:width\" content=\"1200\" \/>\n\t<meta property=\"og:image:height\" content=\"675\" \/>\n\t<meta property=\"og:image:type\" content=\"image\/jpeg\" \/>\n<meta name=\"twitter:card\" content=\"summary_large_image\" \/>\n<meta name=\"twitter:label1\" content=\"Szacowany czas czytania\" \/>\n\t<meta name=\"twitter:data1\" content=\"3 minuty\" \/>\n<script type=\"application\/ld+json\" class=\"yoast-schema-graph\">{\"@context\":\"https:\\\/\\\/schema.org\",\"@graph\":[{\"@type\":\"WebPage\",\"@id\":\"https:\\\/\\\/dradura.com\\\/locations\\\/\",\"url\":\"https:\\\/\\\/dradura.com\\\/locations\\\/\",\"name\":\"DRADURA Lokalizacje - Dradura\",\"isPartOf\":{\"@id\":\"https:\\\/\\\/dradura.com\\\/#website\"},\"datePublished\":\"2024-10-06T17:39:39+00:00\",\"dateModified\":\"2025-07-14T13:17:23+00:00\",\"breadcrumb\":{\"@id\":\"https:\\\/\\\/dradura.com\\\/locations\\\/#breadcrumb\"},\"inLanguage\":\"pl-PL\",\"potentialAction\":[{\"@type\":\"ReadAction\",\"target\":[\"https:\\\/\\\/dradura.com\\\/locations\\\/\"]}]},{\"@type\":\"BreadcrumbList\",\"@id\":\"https:\\\/\\\/dradura.com\\\/locations\\\/#breadcrumb\",\"itemListElement\":[{\"@type\":\"ListItem\",\"position\":1,\"name\":\"Home\",\"item\":\"https:\\\/\\\/dradura.com\\\/pl\\\/\"},{\"@type\":\"ListItem\",\"position\":2,\"name\":\"DRADURA Lokalizacje\"}]},{\"@type\":\"WebSite\",\"@id\":\"https:\\\/\\\/dradura.com\\\/#website\",\"url\":\"https:\\\/\\\/dradura.com\\\/\",\"name\":\"Dradura Webseite\",\"description\":\"Industrial steel wire solutions\",\"publisher\":{\"@id\":\"https:\\\/\\\/dradura.com\\\/#organization\"},\"potentialAction\":[{\"@type\":\"SearchAction\",\"target\":{\"@type\":\"EntryPoint\",\"urlTemplate\":\"https:\\\/\\\/dradura.com\\\/?s={search_term_string}\"},\"query-input\":{\"@type\":\"PropertyValueSpecification\",\"valueRequired\":true,\"valueName\":\"search_term_string\"}}],\"inLanguage\":\"pl-PL\"},{\"@type\":\"Organization\",\"@id\":\"https:\\\/\\\/dradura.com\\\/#organization\",\"name\":\"Dradura \u2013 Industrial steel wire solutions manufacturer\",\"alternateName\":\"Dradura\",\"url\":\"https:\\\/\\\/dradura.com\\\/\",\"logo\":{\"@type\":\"ImageObject\",\"inLanguage\":\"pl-PL\",\"@id\":\"https:\\\/\\\/dradura.com\\\/#\\\/schema\\\/logo\\\/image\\\/\",\"url\":\"https:\\\/\\\/dradura.com\\\/wp-content\\\/uploads\\\/2025\\\/03\\\/dradura-logo.jpg\",\"contentUrl\":\"https:\\\/\\\/dradura.com\\\/wp-content\\\/uploads\\\/2025\\\/03\\\/dradura-logo.jpg\",\"width\":696,\"height\":696,\"caption\":\"Dradura \u2013 Industrial steel wire solutions manufacturer\"},\"image\":{\"@id\":\"https:\\\/\\\/dradura.com\\\/#\\\/schema\\\/logo\\\/image\\\/\"}}]}<\/script>\n<!-- \/ Yoast SEO plugin. -->","yoast_head_json":{"title":"DRADURA Lokalizacje - Dradura","robots":{"index":"index","follow":"follow","max-snippet":"max-snippet:-1","max-image-preview":"max-image-preview:large","max-video-preview":"max-video-preview:-1"},"canonical":"https:\/\/dradura.com\/locations\/","og_locale":"pl_PL","og_type":"article","og_title":"DRADURA Lokalizacje - Dradura","og_description":"[vc_row row_height_percent=&#8221;50&#8243; back_image=&#8221;142330&#8243; overlay_color=&#8221;color-193322&#8243; overlay_alpha=&#8221;5&#8243; overlay_animated=&#8221;yes&#8221; overlay_animated_1_color=&#8221;accent&#8221; gutter_size=&#8221;3&#8243; column_width_percent=&#8221;100&#8243; shift_y=&#8221;0&#8243; z_index=&#8221;0&#8243; sticky=&#8221;yes&#8221; uncode_shortcode_id=&#8221;163955&#8243; overlay_color_type=&#8221;uncode-palette&#8221; overlay_animated_1_color_type=&#8221;uncode-palette&#8221;][vc_column column_width_percent=&#8221;100&#8243; position_horizontal=&#8221;left&#8221; position_vertical=&#8221;middle&#8221; gutter_size=&#8221;3&#8243; style=&#8221;dark&#8221; [&hellip;]","og_url":"https:\/\/dradura.com\/locations\/","og_site_name":"Dradura","article_modified_time":"2025-07-14T13:17:23+00:00","og_image":[{"width":1200,"height":675,"url":"https:\/\/dradura.com\/wp-content\/uploads\/2025\/03\/dradura-steelwire-production.jpg","type":"image\/jpeg"}],"twitter_card":"summary_large_image","twitter_misc":{"Szacowany czas czytania":"3 minuty"},"schema":{"@context":"https:\/\/schema.org","@graph":[{"@type":"WebPage","@id":"https:\/\/dradura.com\/locations\/","url":"https:\/\/dradura.com\/locations\/","name":"DRADURA Lokalizacje - Dradura","isPartOf":{"@id":"https:\/\/dradura.com\/#website"},"datePublished":"2024-10-06T17:39:39+00:00","dateModified":"2025-07-14T13:17:23+00:00","breadcrumb":{"@id":"https:\/\/dradura.com\/locations\/#breadcrumb"},"inLanguage":"pl-PL","potentialAction":[{"@type":"ReadAction","target":["https:\/\/dradura.com\/locations\/"]}]},{"@type":"BreadcrumbList","@id":"https:\/\/dradura.com\/locations\/#breadcrumb","itemListElement":[{"@type":"ListItem","position":1,"name":"Home","item":"https:\/\/dradura.com\/pl\/"},{"@type":"ListItem","position":2,"name":"DRADURA Lokalizacje"}]},{"@type":"WebSite","@id":"https:\/\/dradura.com\/#website","url":"https:\/\/dradura.com\/","name":"Dradura Webseite","description":"Industrial steel wire solutions","publisher":{"@id":"https:\/\/dradura.com\/#organization"},"potentialAction":[{"@type":"SearchAction","target":{"@type":"EntryPoint","urlTemplate":"https:\/\/dradura.com\/?s={search_term_string}"},"query-input":{"@type":"PropertyValueSpecification","valueRequired":true,"valueName":"search_term_string"}}],"inLanguage":"pl-PL"},{"@type":"Organization","@id":"https:\/\/dradura.com\/#organization","name":"Dradura \u2013 Industrial steel wire solutions manufacturer","alternateName":"Dradura","url":"https:\/\/dradura.com\/","logo":{"@type":"ImageObject","inLanguage":"pl-PL","@id":"https:\/\/dradura.com\/#\/schema\/logo\/image\/","url":"https:\/\/dradura.com\/wp-content\/uploads\/2025\/03\/dradura-logo.jpg","contentUrl":"https:\/\/dradura.com\/wp-content\/uploads\/2025\/03\/dradura-logo.jpg","width":696,"height":696,"caption":"Dradura \u2013 Industrial steel wire solutions manufacturer"},"image":{"@id":"https:\/\/dradura.com\/#\/schema\/logo\/image\/"}}]}},"_links":{"self":[{"href":"https:\/\/dradura.com\/pl\/wp-json\/wp\/v2\/pages\/146803","targetHints":{"allow":["GET"]}}],"collection":[{"href":"https:\/\/dradura.com\/pl\/wp-json\/wp\/v2\/pages"}],"about":[{"href":"https:\/\/dradura.com\/pl\/wp-json\/wp\/v2\/types\/page"}],"author":[{"embeddable":true,"href":"https:\/\/dradura.com\/pl\/wp-json\/wp\/v2\/users\/3"}],"replies":[{"embeddable":true,"href":"https:\/\/dradura.com\/pl\/wp-json\/wp\/v2\/comments?post=146803"}],"version-history":[{"count":0,"href":"https:\/\/dradura.com\/pl\/wp-json\/wp\/v2\/pages\/146803\/revisions"}],"wp:attachment":[{"href":"https:\/\/dradura.com\/pl\/wp-json\/wp\/v2\/media?parent=146803"}],"curies":[{"name":"wp","href":"https:\/\/api.w.org\/{rel}","templated":true}]}}