{"id":146813,"date":"2025-05-05T10:19:53","date_gmt":"2025-05-05T10:19:53","guid":{"rendered":"https:\/\/dradura.com\/?page_id=146813"},"modified":"2025-05-26T12:26:58","modified_gmt":"2025-05-26T12:26:58","slug":"kondycje","status":"publish","type":"page","link":"https:\/\/dradura.com\/pl\/kondycje\/","title":{"rendered":"DRADURA Kondycje"},"content":{"rendered":"<div class=\"wpb-content-wrapper\"><p>[vc_row row_height_percent=&#8221;100&#8243; override_padding=&#8221;yes&#8221; h_padding=&#8221;2&#8243; top_padding=&#8221;5&#8243; bottom_padding=&#8221;0&#8243; back_image=&#8221;996&#8243; overlay_alpha=&#8221;50&#8243; overlay_animated=&#8221;yes&#8221; overlay_animated_1_color=&#8221;accent&#8221; overlay_animated_2_color=&#8221;color-697382&#8243; gutter_size=&#8221;3&#8243; column_width_percent=&#8221;100&#8243; shift_y=&#8221;0&#8243; z_index=&#8221;0&#8243; content_parallax=&#8221;0&#8243; row_height_use_pixel=&#8221;&#8221; uncode_shortcode_id=&#8221;205497&#8243; el_class=&#8221;streifen-bg-rechts&#8221; back_color_type=&#8221;uncode-gradient&#8221; back_size=&#8221;200%&#8221; back_color_gradient=&#8221;{&#8222;css&#8222;:&#8222;background: linear-gradient(to right , rgb(0, 40, 78) , rgb(10, 23, 45) 96%);&#8222;,&#8222;sliders&#8222;:`{`{&#8222;color&#8222;:&#8222;rgb(0, 40, 78)&#8222;,&#8222;position&#8222;:0},{&#8222;color&#8222;:&#8222;rgb(10, 23, 45)&#8222;,&#8222;position&#8222;:96}`}`,&#8222;type&#8222;:&#8222;linear&#8222;,&#8222;direction&#8222;:&#8222;left&#8222;}&#8221; overlay_animated_1_color_type=&#8221;uncode-palette&#8221; overlay_animated_2_color_type=&#8221;uncode-palette&#8221;][vc_column column_width_percent=&#8221;100&#8243; gutter_size=&#8221;3&#8243; overlay_alpha=&#8221;50&#8243; shift_x=&#8221;0&#8243; shift_y=&#8221;0&#8243; shift_y_down=&#8221;0&#8243; z_index=&#8221;0&#8243; medium_width=&#8221;7&#8243; mobile_width=&#8221;7&#8243; width=&#8221;1\/1&#8243; uncode_shortcode_id=&#8221;103285&#8243;][vc_empty_space empty_h=&#8221;1&#8243;][vc_row_inner][vc_column_inner column_width_use_pixel=&#8221;yes&#8221; position_horizontal=&#8221;left&#8221; gutter_size=&#8221;3&#8243; overlay_alpha=&#8221;50&#8243; shift_x=&#8221;0&#8243; shift_y=&#8221;0&#8243; shift_y_down=&#8221;0&#8243; z_index=&#8221;0&#8243; medium_width=&#8221;7&#8243; mobile_width=&#8221;7&#8243; width=&#8221;1\/1&#8243; uncode_shortcode_id=&#8221;164073&#8243; column_width_pixel=&#8221;900&#8243;][vc_custom_heading text_color=&#8221;color-xsdn&#8221; text_size=&#8221;h1&#8243; css_animation=&#8221;right-t-left&#8221; animation_delay=&#8221;400&#8243; text_uppercase=&#8221;&#8221; uncode_shortcode_id=&#8221;113698&#8243; text_color_type=&#8221;uncode-palette&#8221;]<strong>Nasze procedury<\/strong>[\/vc_custom_heading][\/vc_column_inner][\/vc_row_inner][vc_row_inner][vc_column_inner column_width_use_pixel=&#8221;yes&#8221; position_horizontal=&#8221;left&#8221; gutter_size=&#8221;3&#8243; overlay_alpha=&#8221;50&#8243; shift_x=&#8221;0&#8243; shift_y=&#8221;0&#8243; shift_y_down=&#8221;0&#8243; z_index=&#8221;0&#8243; medium_width=&#8221;7&#8243; mobile_width=&#8221;7&#8243; width=&#8221;1\/1&#8243; uncode_shortcode_id=&#8221;111575&#8243; column_width_pixel=&#8221;1000&#8243;][vc_custom_heading text_color=&#8221;color-xsdn&#8221; heading_semantic=&#8221;h3&#8243; text_size=&#8221;h3&#8243; text_weight=&#8221;400&#8243; text_height=&#8221;fontheight-289079&#8243; text_uppercase=&#8221;&#8221; uncode_shortcode_id=&#8221;207585&#8243; text_color_type=&#8221;uncode-palette&#8221;]Tw\u00f3j globalny partner w dostarczaniu przemys\u0142owych rozwi\u0105za\u0144 z bran\u017cy drutu stalowego[\/vc_custom_heading][\/vc_column_inner][\/vc_row_inner][vc_empty_space empty_h=&#8221;5&#8243; medium_visibility=&#8221;yes&#8221; mobile_visibility=&#8221;yes&#8221;][vc_empty_space empty_h=&#8221;2&#8243; desktop_visibility=&#8221;yes&#8221;][vc_row_inner][vc_column_inner column_width_percent=&#8221;100&#8243; gutter_size=&#8221;3&#8243; overlay_alpha=&#8221;50&#8243; shift_x=&#8221;0&#8243; shift_y=&#8221;0&#8243; shift_y_down=&#8221;0&#8243; z_index=&#8221;0&#8243; medium_width=&#8221;7&#8243; mobile_width=&#8221;7&#8243; width=&#8221;1\/2&#8243; uncode_shortcode_id=&#8221;155931&#8243;][uncode_block id=&#8221;146318&#8243; inside_column=&#8221;yes&#8221;][\/vc_column_inner][vc_column_inner column_width_percent=&#8221;100&#8243; gutter_size=&#8221;3&#8243; overlay_alpha=&#8221;50&#8243; shift_x=&#8221;0&#8243; shift_y=&#8221;0&#8243; shift_y_down=&#8221;0&#8243; z_index=&#8221;0&#8243; medium_width=&#8221;7&#8243; mobile_width=&#8221;7&#8243; width=&#8221;1\/2&#8243; uncode_shortcode_id=&#8221;776068&#8243;][\/vc_column_inner][\/vc_row_inner][vc_empty_space empty_h=&#8221;5&#8243; medium_visibility=&#8221;yes&#8221; mobile_visibility=&#8221;yes&#8221;][\/vc_column][\/vc_row]<\/p>\n<\/div>","protected":false},"excerpt":{"rendered":"<p>[vc_row row_height_percent=&#8221;100&#8243; override_padding=&#8221;yes&#8221; h_padding=&#8221;2&#8243; top_padding=&#8221;5&#8243; bottom_padding=&#8221;0&#8243; back_image=&#8221;996&#8243; overlay_alpha=&#8221;50&#8243; overlay_animated=&#8221;yes&#8221; overlay_animated_1_color=&#8221;accent&#8221; overlay_animated_2_color=&#8221;color-697382&#8243; gutter_size=&#8221;3&#8243; column_width_percent=&#8221;100&#8243; shift_y=&#8221;0&#8243; z_index=&#8221;0&#8243; content_parallax=&#8221;0&#8243; row_height_use_pixel=&#8221;&#8221; uncode_shortcode_id=&#8221;205497&#8243; el_class=&#8221;streifen-bg-rechts&#8221; back_color_type=&#8221;uncode-gradient&#8221; [&hellip;]<\/p>\n","protected":false},"author":3,"featured_media":0,"parent":0,"menu_order":0,"comment_status":"closed","ping_status":"closed","template":"","meta":{"footnotes":""},"class_list":["post-146813","page","type-page","status-publish","hentry"],"yoast_head":"<!-- This site is optimized with the Yoast SEO plugin v27.4 - https:\/\/yoast.com\/product\/yoast-seo-wordpress\/ -->\n<title>DRADURA Kondycje - Dradura<\/title>\n<meta name=\"robots\" content=\"index, follow, max-snippet:-1, max-image-preview:large, max-video-preview:-1\" \/>\n<link rel=\"canonical\" href=\"https:\/\/dradura.com\/pl\/kondycje\/\" \/>\n<meta property=\"og:locale\" content=\"pl_PL\" \/>\n<meta property=\"og:type\" content=\"article\" \/>\n<meta property=\"og:title\" content=\"DRADURA Kondycje - Dradura\" \/>\n<meta property=\"og:description\" content=\"[vc_row row_height_percent=&#8221;100&#8243; override_padding=&#8221;yes&#8221; h_padding=&#8221;2&#8243; top_padding=&#8221;5&#8243; bottom_padding=&#8221;0&#8243; back_image=&#8221;996&#8243; overlay_alpha=&#8221;50&#8243; overlay_animated=&#8221;yes&#8221; overlay_animated_1_color=&#8221;accent&#8221; overlay_animated_2_color=&#8221;color-697382&#8243; gutter_size=&#8221;3&#8243; column_width_percent=&#8221;100&#8243; shift_y=&#8221;0&#8243; z_index=&#8221;0&#8243; content_parallax=&#8221;0&#8243; row_height_use_pixel=&#8221;&#8221; uncode_shortcode_id=&#8221;205497&#8243; el_class=&#8221;streifen-bg-rechts&#8221; back_color_type=&#8221;uncode-gradient&#8221; [&hellip;]\" \/>\n<meta property=\"og:url\" content=\"https:\/\/dradura.com\/pl\/kondycje\/\" \/>\n<meta property=\"og:site_name\" content=\"Dradura\" \/>\n<meta property=\"article:modified_time\" content=\"2025-05-26T12:26:58+00:00\" \/>\n<meta property=\"og:image\" content=\"https:\/\/dradura.com\/wp-content\/uploads\/2025\/03\/dradura-steelwire-production.jpg\" \/>\n\t<meta property=\"og:image:width\" content=\"1200\" \/>\n\t<meta property=\"og:image:height\" content=\"675\" \/>\n\t<meta property=\"og:image:type\" content=\"image\/jpeg\" \/>\n<meta name=\"twitter:card\" content=\"summary_large_image\" \/>\n<meta name=\"twitter:label1\" content=\"Szacowany czas czytania\" \/>\n\t<meta name=\"twitter:data1\" content=\"1 minuta\" \/>\n<script type=\"application\/ld+json\" class=\"yoast-schema-graph\">{\"@context\":\"https:\\\/\\\/schema.org\",\"@graph\":[{\"@type\":\"WebPage\",\"@id\":\"https:\\\/\\\/dradura.com\\\/pl\\\/kondycje\\\/\",\"url\":\"https:\\\/\\\/dradura.com\\\/pl\\\/kondycje\\\/\",\"name\":\"DRADURA Kondycje - Dradura\",\"isPartOf\":{\"@id\":\"https:\\\/\\\/dradura.com\\\/#website\"},\"datePublished\":\"2025-05-05T10:19:53+00:00\",\"dateModified\":\"2025-05-26T12:26:58+00:00\",\"breadcrumb\":{\"@id\":\"https:\\\/\\\/dradura.com\\\/pl\\\/kondycje\\\/#breadcrumb\"},\"inLanguage\":\"pl-PL\",\"potentialAction\":[{\"@type\":\"ReadAction\",\"target\":[\"https:\\\/\\\/dradura.com\\\/pl\\\/kondycje\\\/\"]}]},{\"@type\":\"BreadcrumbList\",\"@id\":\"https:\\\/\\\/dradura.com\\\/pl\\\/kondycje\\\/#breadcrumb\",\"itemListElement\":[{\"@type\":\"ListItem\",\"position\":1,\"name\":\"Home\",\"item\":\"https:\\\/\\\/dradura.com\\\/pl\\\/\"},{\"@type\":\"ListItem\",\"position\":2,\"name\":\"DRADURA Kondycje\"}]},{\"@type\":\"WebSite\",\"@id\":\"https:\\\/\\\/dradura.com\\\/#website\",\"url\":\"https:\\\/\\\/dradura.com\\\/\",\"name\":\"Dradura Webseite\",\"description\":\"Industrial steel wire solutions\",\"publisher\":{\"@id\":\"https:\\\/\\\/dradura.com\\\/#organization\"},\"potentialAction\":[{\"@type\":\"SearchAction\",\"target\":{\"@type\":\"EntryPoint\",\"urlTemplate\":\"https:\\\/\\\/dradura.com\\\/?s={search_term_string}\"},\"query-input\":{\"@type\":\"PropertyValueSpecification\",\"valueRequired\":true,\"valueName\":\"search_term_string\"}}],\"inLanguage\":\"pl-PL\"},{\"@type\":\"Organization\",\"@id\":\"https:\\\/\\\/dradura.com\\\/#organization\",\"name\":\"Dradura \u2013 Industrial steel wire solutions manufacturer\",\"alternateName\":\"Dradura\",\"url\":\"https:\\\/\\\/dradura.com\\\/\",\"logo\":{\"@type\":\"ImageObject\",\"inLanguage\":\"pl-PL\",\"@id\":\"https:\\\/\\\/dradura.com\\\/#\\\/schema\\\/logo\\\/image\\\/\",\"url\":\"https:\\\/\\\/dradura.com\\\/wp-content\\\/uploads\\\/2025\\\/03\\\/dradura-logo.jpg\",\"contentUrl\":\"https:\\\/\\\/dradura.com\\\/wp-content\\\/uploads\\\/2025\\\/03\\\/dradura-logo.jpg\",\"width\":696,\"height\":696,\"caption\":\"Dradura \u2013 Industrial steel wire solutions manufacturer\"},\"image\":{\"@id\":\"https:\\\/\\\/dradura.com\\\/#\\\/schema\\\/logo\\\/image\\\/\"}}]}<\/script>\n<!-- \/ Yoast SEO plugin. -->","yoast_head_json":{"title":"DRADURA Kondycje - Dradura","robots":{"index":"index","follow":"follow","max-snippet":"max-snippet:-1","max-image-preview":"max-image-preview:large","max-video-preview":"max-video-preview:-1"},"canonical":"https:\/\/dradura.com\/pl\/kondycje\/","og_locale":"pl_PL","og_type":"article","og_title":"DRADURA Kondycje - Dradura","og_description":"[vc_row row_height_percent=&#8221;100&#8243; override_padding=&#8221;yes&#8221; h_padding=&#8221;2&#8243; top_padding=&#8221;5&#8243; bottom_padding=&#8221;0&#8243; back_image=&#8221;996&#8243; overlay_alpha=&#8221;50&#8243; overlay_animated=&#8221;yes&#8221; overlay_animated_1_color=&#8221;accent&#8221; overlay_animated_2_color=&#8221;color-697382&#8243; gutter_size=&#8221;3&#8243; column_width_percent=&#8221;100&#8243; shift_y=&#8221;0&#8243; z_index=&#8221;0&#8243; content_parallax=&#8221;0&#8243; row_height_use_pixel=&#8221;&#8221; uncode_shortcode_id=&#8221;205497&#8243; el_class=&#8221;streifen-bg-rechts&#8221; back_color_type=&#8221;uncode-gradient&#8221; [&hellip;]","og_url":"https:\/\/dradura.com\/pl\/kondycje\/","og_site_name":"Dradura","article_modified_time":"2025-05-26T12:26:58+00:00","og_image":[{"width":1200,"height":675,"url":"https:\/\/dradura.com\/wp-content\/uploads\/2025\/03\/dradura-steelwire-production.jpg","type":"image\/jpeg"}],"twitter_card":"summary_large_image","twitter_misc":{"Szacowany czas czytania":"1 minuta"},"schema":{"@context":"https:\/\/schema.org","@graph":[{"@type":"WebPage","@id":"https:\/\/dradura.com\/pl\/kondycje\/","url":"https:\/\/dradura.com\/pl\/kondycje\/","name":"DRADURA Kondycje - Dradura","isPartOf":{"@id":"https:\/\/dradura.com\/#website"},"datePublished":"2025-05-05T10:19:53+00:00","dateModified":"2025-05-26T12:26:58+00:00","breadcrumb":{"@id":"https:\/\/dradura.com\/pl\/kondycje\/#breadcrumb"},"inLanguage":"pl-PL","potentialAction":[{"@type":"ReadAction","target":["https:\/\/dradura.com\/pl\/kondycje\/"]}]},{"@type":"BreadcrumbList","@id":"https:\/\/dradura.com\/pl\/kondycje\/#breadcrumb","itemListElement":[{"@type":"ListItem","position":1,"name":"Home","item":"https:\/\/dradura.com\/pl\/"},{"@type":"ListItem","position":2,"name":"DRADURA Kondycje"}]},{"@type":"WebSite","@id":"https:\/\/dradura.com\/#website","url":"https:\/\/dradura.com\/","name":"Dradura Webseite","description":"Industrial steel wire solutions","publisher":{"@id":"https:\/\/dradura.com\/#organization"},"potentialAction":[{"@type":"SearchAction","target":{"@type":"EntryPoint","urlTemplate":"https:\/\/dradura.com\/?s={search_term_string}"},"query-input":{"@type":"PropertyValueSpecification","valueRequired":true,"valueName":"search_term_string"}}],"inLanguage":"pl-PL"},{"@type":"Organization","@id":"https:\/\/dradura.com\/#organization","name":"Dradura \u2013 Industrial steel wire solutions manufacturer","alternateName":"Dradura","url":"https:\/\/dradura.com\/","logo":{"@type":"ImageObject","inLanguage":"pl-PL","@id":"https:\/\/dradura.com\/#\/schema\/logo\/image\/","url":"https:\/\/dradura.com\/wp-content\/uploads\/2025\/03\/dradura-logo.jpg","contentUrl":"https:\/\/dradura.com\/wp-content\/uploads\/2025\/03\/dradura-logo.jpg","width":696,"height":696,"caption":"Dradura \u2013 Industrial steel wire solutions manufacturer"},"image":{"@id":"https:\/\/dradura.com\/#\/schema\/logo\/image\/"}}]}},"_links":{"self":[{"href":"https:\/\/dradura.com\/pl\/wp-json\/wp\/v2\/pages\/146813","targetHints":{"allow":["GET"]}}],"collection":[{"href":"https:\/\/dradura.com\/pl\/wp-json\/wp\/v2\/pages"}],"about":[{"href":"https:\/\/dradura.com\/pl\/wp-json\/wp\/v2\/types\/page"}],"author":[{"embeddable":true,"href":"https:\/\/dradura.com\/pl\/wp-json\/wp\/v2\/users\/3"}],"replies":[{"embeddable":true,"href":"https:\/\/dradura.com\/pl\/wp-json\/wp\/v2\/comments?post=146813"}],"version-history":[{"count":0,"href":"https:\/\/dradura.com\/pl\/wp-json\/wp\/v2\/pages\/146813\/revisions"}],"wp:attachment":[{"href":"https:\/\/dradura.com\/pl\/wp-json\/wp\/v2\/media?parent=146813"}],"curies":[{"name":"wp","href":"https:\/\/api.w.org\/{rel}","templated":true}]}}