{"id":146818,"date":"2024-10-08T12:28:54","date_gmt":"2024-10-08T12:28:54","guid":{"rendered":"https:\/\/dradura.com\/?page_id=146818"},"modified":"2025-05-26T12:20:17","modified_gmt":"2025-05-26T12:20:17","slug":"kontakt","status":"publish","type":"page","link":"https:\/\/dradura.com\/pl\/kontakt\/","title":{"rendered":"DRADURA Kontakt"},"content":{"rendered":"<div class=\"wpb-content-wrapper\"><p>[vc_row row_height_percent=&#8221;0&#8243; override_padding=&#8221;yes&#8221; h_padding=&#8221;2&#8243; top_padding=&#8221;5&#8243; bottom_padding=&#8221;7&#8243; back_image=&#8221;996&#8243; overlay_alpha=&#8221;50&#8243; overlay_animated=&#8221;yes&#8221; overlay_animated_1_color=&#8221;accent&#8221; overlay_animated_2_color=&#8221;color-697382&#8243; gutter_size=&#8221;3&#8243; column_width_percent=&#8221;100&#8243; shift_y=&#8221;0&#8243; z_index=&#8221;0&#8243; row_height_use_pixel=&#8221;&#8221; uncode_shortcode_id=&#8221;179958&#8243; el_class=&#8221;streifen-bg-rechts&#8221; back_color_type=&#8221;uncode-gradient&#8221; back_size=&#8221;200%&#8221; back_color_gradient=&#8221;{&#8222;css&#8222;:&#8222;background: linear-gradient(to right , rgb(0, 40, 78) , rgb(10, 23, 45) 96%);&#8222;,&#8222;sliders&#8222;:`{`{&#8222;color&#8222;:&#8222;rgb(0, 40, 78)&#8222;,&#8222;position&#8222;:0},{&#8222;color&#8222;:&#8222;rgb(10, 23, 45)&#8222;,&#8222;position&#8222;:96}`}`,&#8222;type&#8222;:&#8222;linear&#8222;,&#8222;direction&#8222;:&#8222;left&#8222;}&#8221; overlay_animated_1_color_type=&#8221;uncode-palette&#8221; overlay_animated_2_color_type=&#8221;uncode-palette&#8221;][vc_column column_width_percent=&#8221;100&#8243; gutter_size=&#8221;3&#8243; overlay_alpha=&#8221;50&#8243; shift_x=&#8221;0&#8243; shift_y=&#8221;0&#8243; shift_y_down=&#8221;0&#8243; z_index=&#8221;0&#8243; medium_width=&#8221;0&#8243; mobile_width=&#8221;0&#8243; width=&#8221;1\/1&#8243; uncode_shortcode_id=&#8221;158193&#8243;][vc_empty_space empty_h=&#8221;1&#8243;][vc_row_inner][vc_column_inner column_width_use_pixel=&#8221;yes&#8221; position_horizontal=&#8221;left&#8221; gutter_size=&#8221;3&#8243; overlay_alpha=&#8221;50&#8243; shift_x=&#8221;0&#8243; shift_y=&#8221;0&#8243; shift_y_down=&#8221;0&#8243; z_index=&#8221;0&#8243; medium_width=&#8221;0&#8243; mobile_width=&#8221;0&#8243; width=&#8221;1\/1&#8243; uncode_shortcode_id=&#8221;116704&#8243; column_width_pixel=&#8221;900&#8243;][vc_custom_heading text_color=&#8221;color-xsdn&#8221; text_size=&#8221;h1&#8243; css_animation=&#8221;right-t-left&#8221; animation_delay=&#8221;400&#8243; text_uppercase=&#8221;&#8221; uncode_shortcode_id=&#8221;118460&#8243; text_color_type=&#8221;uncode-palette&#8221;]Skontaktuj si\u0119 z nami[\/vc_custom_heading][vc_custom_heading text_color=&#8221;color-xsdn&#8221; heading_semantic=&#8221;h3&#8243; text_size=&#8221;h3&#8243; text_weight=&#8221;400&#8243; text_height=&#8221;fontheight-289079&#8243; text_uppercase=&#8221;&#8221; uncode_shortcode_id=&#8221;112821&#8243; text_color_type=&#8221;uncode-palette&#8221;]Porozmawiajmy o rozwi\u0105zaniach dopasowanych do Twoich potrzeb![\/vc_custom_heading][vc_empty_space empty_h=&#8221;2&#8243;][\/vc_column_inner][\/vc_row_inner][vc_empty_space empty_h=&#8221;3&#8243; desktop_visibility=&#8221;yes&#8221;][vc_row_inner][vc_column_inner column_width_percent=&#8221;100&#8243; gutter_size=&#8221;3&#8243; style=&#8221;light&#8221; overlay_alpha=&#8221;50&#8243; shift_x=&#8221;0&#8243; shift_y=&#8221;0&#8243; shift_y_down=&#8221;0&#8243; z_index=&#8221;0&#8243; medium_width=&#8221;0&#8243; mobile_width=&#8221;0&#8243; width=&#8221;1\/1&#8243; uncode_shortcode_id=&#8221;107638&#8243;]\n<div class=\"wpcf7 no-js\" id=\"wpcf7-f147316-o1\" lang=\"en-US\" dir=\"ltr\" data-wpcf7-id=\"147316\">\n<div class=\"screen-reader-response\"><p role=\"status\" aria-live=\"polite\" aria-atomic=\"true\"><\/p> <ul><\/ul><\/div>\n<form action=\"\/pl\/wp-json\/wp\/v2\/pages\/146818#wpcf7-f147316-o1\" method=\"post\" class=\"wpcf7-form init\" aria-label=\"Contact form\" novalidate=\"novalidate\" data-status=\"init\">\n<fieldset class=\"hidden-fields-container\"><input type=\"hidden\" name=\"_wpcf7\" value=\"147316\" \/><input type=\"hidden\" name=\"_wpcf7_version\" value=\"6.1.5\" \/><input type=\"hidden\" name=\"_wpcf7_locale\" value=\"en_US\" \/><input type=\"hidden\" name=\"_wpcf7_unit_tag\" value=\"wpcf7-f147316-o1\" \/><input type=\"hidden\" name=\"_wpcf7_container_post\" value=\"0\" \/><input type=\"hidden\" name=\"_wpcf7_posted_data_hash\" value=\"\" \/>\n<\/fieldset>\n<p class=\"wpcf7-inline-wide\"><br \/>\n<label for=\"company\" class=\"wpcf7-inline-field\">Nazwa Twojej firmy<\/label><br \/>\n<span class=\"wpcf7-form-control-wrap\" data-name=\"your-company\"><input size=\"40\" maxlength=\"400\" class=\"wpcf7-form-control wpcf7-text\" id=\"company\" aria-invalid=\"false\" placeholder=\"Nazwa Twojej firmy\" value=\"\" type=\"text\" name=\"your-company\" \/><\/span>\n<\/p>\n<div class=\"wpcf7-inline-wrapper\">\n\t<p class=\"wpcf7-inline-field\"><br \/>\n<label for=\"first-name\" class=\"wpcf7-inline-field\">Imi\u0119*<\/label><br \/>\n<span class=\"wpcf7-form-control-wrap\" data-name=\"first-name\"><input size=\"40\" maxlength=\"400\" class=\"wpcf7-form-control wpcf7-text wpcf7-validates-as-required\" id=\"first-name\" aria-required=\"true\" aria-invalid=\"false\" placeholder=\"Imi\u0119\" value=\"\" type=\"text\" name=\"first-name\" \/><\/span>\n\t<\/p>\n\t<p class=\"wpcf7-inline-field\"><br \/>\n<label for=\"last-name\" class=\"wpcf7-inline-field\">Nazwisko*<\/label><br \/>\n<span class=\"wpcf7-form-control-wrap\" data-name=\"last-name\"><input size=\"40\" maxlength=\"400\" class=\"wpcf7-form-control wpcf7-text wpcf7-validates-as-required\" id=\"last-name\" aria-required=\"true\" aria-invalid=\"false\" placeholder=\"Nazwisko\" value=\"\" type=\"text\" name=\"last-name\" \/><\/span>\n\t<\/p>\n<\/div>\n<p class=\"wpcf7-inline-wide\"><br \/>\n<label for=\"address\" class=\"wpcf7-inline-field\">Adres<\/label><br \/>\n<span class=\"wpcf7-form-control-wrap\" data-name=\"your-address\"><input size=\"40\" maxlength=\"400\" class=\"wpcf7-form-control wpcf7-text\" id=\"address\" aria-invalid=\"false\" placeholder=\"Adres\" value=\"\" type=\"text\" name=\"your-address\" \/><\/span>\n<\/p>\n<div class=\"wpcf7-inline-wrapper\">\n\t<p class=\"wpcf7-inline-field\"><br \/>\n<label for=\"zip\" class=\"wpcf7-inline-field\">Kod pocztowy*<\/label><br \/>\n<span class=\"wpcf7-form-control-wrap\" data-name=\"your-zip\"><input size=\"40\" maxlength=\"400\" class=\"wpcf7-form-control wpcf7-text wpcf7-validates-as-required\" id=\"zip\" aria-required=\"true\" aria-invalid=\"false\" placeholder=\"Kod pocztowy\" value=\"\" type=\"text\" name=\"your-zip\" \/><\/span>\n\t<\/p>\n\t<p class=\"wpcf7-inline-field\"><br \/>\n<label for=\"city\" class=\"wpcf7-inline-field\">Miasto*<\/label><br \/>\n<span class=\"wpcf7-form-control-wrap\" data-name=\"your-city\"><input size=\"40\" maxlength=\"400\" class=\"wpcf7-form-control wpcf7-text wpcf7-validates-as-required\" id=\"city\" aria-required=\"true\" aria-invalid=\"false\" placeholder=\"Miasto\" value=\"\" type=\"text\" name=\"your-city\" \/><\/span>\n\t<\/p>\n<\/div>\n<div class=\"wpcf7-inline-wrapper\">\n\t<p class=\"wpcf7-inline-field\"><br \/>\n<label for=\"email\" class=\"wpcf7-inline-field\">Email*<\/label><br \/>\n<span class=\"wpcf7-form-control-wrap\" data-name=\"your-email\"><input size=\"40\" maxlength=\"400\" class=\"wpcf7-form-control wpcf7-email wpcf7-validates-as-required wpcf7-text wpcf7-validates-as-email\" id=\"email\" aria-required=\"true\" aria-invalid=\"false\" placeholder=\"Email\" value=\"\" type=\"email\" name=\"your-email\" \/><\/span>\n\t<\/p>\n\t<p class=\"wpcf7-inline-field\"><br \/>\n<label for=\"telephone\" class=\"wpcf7-inline-field\">Numer telefonu*<\/label><br \/>\n<span class=\"wpcf7-form-control-wrap\" data-name=\"your-telephone\"><input size=\"40\" maxlength=\"400\" class=\"wpcf7-form-control wpcf7-tel wpcf7-validates-as-required wpcf7-text wpcf7-validates-as-tel\" id=\"telephone\" aria-required=\"true\" aria-invalid=\"false\" placeholder=\"Numer telefonu\" value=\"\" type=\"tel\" name=\"your-telephone\" \/><\/span>\n\t<\/p>\n<\/div>\n<p><br \/>\n<label for=\"your-message\">Twoja wiadomo\u015b\u0107*<\/label><br \/>\n<span class=\"wpcf7-form-control-wrap\" data-name=\"your-message\"><textarea cols=\"40\" rows=\"10\" maxlength=\"2000\" class=\"wpcf7-form-control wpcf7-textarea wpcf7-validates-as-required\" id=\"your-message\" aria-required=\"true\" aria-invalid=\"false\" placeholder=\"Twoja wiadomo\u015b\u0107\" name=\"your-message\"><\/textarea><\/span>\n<\/p>\n<p><span id=\"wpcf7-69d265a387a13-wrapper\" class=\"wpcf7-form-control-wrap application-wrap\" style=\"display:none !important; visibility:hidden !important;\"><label for=\"wpcf7-69d265a387a13-field\" class=\"hp-message\">Please leave this field empty.<\/label><input id=\"wpcf7-69d265a387a13-field\"  class=\"wpcf7-form-control wpcf7-text\" type=\"text\" name=\"application\" value=\"\" size=\"40\" tabindex=\"-1\" autocomplete=\"new-password\" \/><\/span><br \/>\n<span id=\"wpcf7-69d265a387a72-wrapper\" class=\"wpcf7-form-control-wrap Date-wrap\" style=\"display:none !important; visibility:hidden !important;\"><label for=\"wpcf7-69d265a387a72-field\" class=\"hp-message\">Please leave this field empty.<\/label><input id=\"wpcf7-69d265a387a72-field\"  placeholder=\"Date\"  class=\"wpcf7-form-control wpcf7-text\" type=\"text\" name=\"Date\" value=\"\" size=\"40\" tabindex=\"-1\" autocomplete=\"new-password\" \/><\/span>\n<\/p>\n<p><span class=\"wpcf7-form-control-wrap\" data-name=\"accept-this-1\"><span class=\"wpcf7-form-control wpcf7-acceptance\"><span class=\"wpcf7-list-item\"><label><input type=\"checkbox\" name=\"accept-this-1\" value=\"1\" aria-invalid=\"false\" \/><span class=\"wpcf7-list-item-label\">Wyra\u017cam zgod\u0119 na przechowywanie i przetwarzanie danych, kt\u00f3re poda\u0142em, w celu obs\u0142ugi mojej pro\u015bby oraz w razie konieczno\u015bci dalszych pyta\u0144. Wi\u0119cej informacji zamieszczamy w <a href=\"\/pl\/polityka-prywatnosci-i-informacja-o-przetwarzaniu-danych-osobowych\/\">polityce prywatno\u015bci<\/a>.<\/a><\/span><\/label><\/span><\/span><\/span>\n<\/p>\n<p><input class=\"wpcf7-form-control wpcf7-submit has-spinner btn btn-accent\" type=\"submit\" value=\"WY\u015aLIJ WIADOMO\u015a\u0106\" \/>\n<\/p><input type='hidden' class='wpcf7-pum' value='{\"closepopup\":false,\"closedelay\":0,\"openpopup\":false,\"openpopup_id\":0}' \/><div class=\"wpcf7-response-output\" aria-hidden=\"true\"><\/div>\n<\/form>\n<\/div>\n[\/vc_column_inner][\/vc_row_inner][vc_empty_space empty_h=&#8221;3&#8243;][vc_empty_space empty_h=&#8221;3&#8243;][vc_custom_heading text_color=&#8221;color-xsdn&#8221; text_size=&#8221;h3&#8243; css_animation=&#8221;bottom-t-top&#8221; animation_delay=&#8221;400&#8243; uncode_shortcode_id=&#8221;747404&#8243; text_color_type=&#8221;uncode-palette&#8221;]Zak\u0142ady <strong>produkcyjne<\/strong> DRADURA w\u00a0<strong>Europie<\/strong>[\/vc_custom_heading][vc_empty_space empty_h=&#8221;2&#8243;][vc_row_inner row_inner_height_percent=&#8221;0&#8243; overlay_alpha=&#8221;50&#8243; gutter_size=&#8221;5&#8243; shift_y=&#8221;0&#8243; z_index=&#8221;0&#8243; uncode_shortcode_id=&#8221;189177&#8243;][vc_column_inner column_width_percent=&#8221;100&#8243; gutter_size=&#8221;3&#8243; style=&#8221;dark&#8221; overlay_alpha=&#8221;50&#8243; shift_x=&#8221;0&#8243; shift_y=&#8221;0&#8243; shift_y_down=&#8221;0&#8243; z_index=&#8221;0&#8243; medium_width=&#8221;0&#8243; mobile_width=&#8221;0&#8243; width=&#8221;1\/2&#8243; uncode_shortcode_id=&#8221;172317&#8243;][vc_empty_space empty_h=&#8221;4&#8243; desktop_visibility=&#8221;yes&#8221; medium_visibility=&#8221;yes&#8221;][vc_custom_heading heading_semantic=&#8221;h3&#8243; text_size=&#8221;h5&#8243; text_height=&#8221;fontheight-289079&#8243; text_uppercase=&#8221;&#8221; uncode_shortcode_id=&#8221;117998&#8243;]We wszystkich naszych fabrykach utrzymujemy jednolite standardy produkcji, efektywno\u015bci i bezpiecze\u0144stwa zgodnie z zasadami <strong>The DRADURA Way<\/strong>.<\/p>\n<p>&nbsp;<\/p>\n<p>Skontaktuj si\u0119 z nami i skorzystaj z naszej wiedzy technicznej i do\u015bwiadczenia w realizacji Twoich potrzeb produkcyjnych.[\/vc_custom_heading][\/vc_column_inner][vc_column_inner column_width_percent=&#8221;100&#8243; gutter_size=&#8221;3&#8243; style=&#8221;dark&#8221; overlay_alpha=&#8221;50&#8243; shift_x=&#8221;0&#8243; shift_y=&#8221;0&#8243; shift_y_down=&#8221;0&#8243; z_index=&#8221;0&#8243; medium_width=&#8221;0&#8243; mobile_width=&#8221;0&#8243; width=&#8221;1\/2&#8243; uncode_shortcode_id=&#8221;157106&#8243;][vc_icon position=&#8221;left&#8221; space_reduced=&#8221;yes&#8221; icon=&#8221;fa fa-user3&#8243; size=&#8221;fa-2x&#8221; heading_semantic=&#8221;h6&#8243; text_size=&#8221;h6&#8243; linked_title=&#8221;yes&#8221; title=&#8221;info@dradura.com&#8221; link=&#8221;url:mailto%3Ainfo%40dradura.com&#8221; uncode_shortcode_id=&#8221;936786&#8243;][\/vc_icon][vc_icon position=&#8221;left&#8221; space_reduced=&#8221;yes&#8221; icon=&#8221;fa fa-phone-handset&#8221; size=&#8221;fa-2x&#8221; heading_semantic=&#8221;h6&#8243; text_size=&#8221;h6&#8243; linked_title=&#8221;yes&#8221; title=&#8221;+49 6356 966-0&#8243; link=&#8221;url:tel%3A%2B4963569660&#8243; uncode_shortcode_id=&#8221;593011&#8243;][\/vc_icon][vc_icon position=&#8221;left&#8221; space_reduced=&#8221;yes&#8221; icon=&#8221;fa fa-linkedin2&#8243; size=&#8221;fa-2x&#8221; heading_semantic=&#8221;h6&#8243; text_size=&#8221;h6&#8243; linked_title=&#8221;yes&#8221; title=&#8221;Dradura na LinkedIn&#8221; link=&#8221;url:https%3A%2F%2Fwww.linkedin.com%2Fcompany%2Fdradura-group-gmbh|target:_blank|rel:nofollow&#8221; uncode_shortcode_id=&#8221;159673&#8243;][\/vc_icon][\/vc_column_inner][\/vc_row_inner][\/vc_column][\/vc_row]<\/p>\n<\/div>","protected":false},"excerpt":{"rendered":"<p>[vc_row row_height_percent=&#8221;0&#8243; override_padding=&#8221;yes&#8221; h_padding=&#8221;2&#8243; top_padding=&#8221;5&#8243; bottom_padding=&#8221;7&#8243; back_image=&#8221;996&#8243; overlay_alpha=&#8221;50&#8243; overlay_animated=&#8221;yes&#8221; overlay_animated_1_color=&#8221;accent&#8221; overlay_animated_2_color=&#8221;color-697382&#8243; gutter_size=&#8221;3&#8243; column_width_percent=&#8221;100&#8243; shift_y=&#8221;0&#8243; z_index=&#8221;0&#8243; row_height_use_pixel=&#8221;&#8221; uncode_shortcode_id=&#8221;179958&#8243; el_class=&#8221;streifen-bg-rechts&#8221; back_color_type=&#8221;uncode-gradient&#8221; back_size=&#8221;200%&#8221; [&hellip;]<\/p>\n","protected":false},"author":3,"featured_media":0,"parent":0,"menu_order":0,"comment_status":"closed","ping_status":"closed","template":"","meta":{"footnotes":""},"class_list":["post-146818","page","type-page","status-publish","hentry"],"yoast_head":"<!-- This site is optimized with the Yoast SEO plugin v27.3 - https:\/\/yoast.com\/product\/yoast-seo-wordpress\/ -->\n<title>DRADURA Kontakt - Dradura<\/title>\n<meta name=\"robots\" content=\"index, follow, max-snippet:-1, max-image-preview:large, max-video-preview:-1\" \/>\n<link rel=\"canonical\" href=\"https:\/\/dradura.com\/pl\/kontakt\/\" \/>\n<meta property=\"og:locale\" content=\"pl_PL\" \/>\n<meta property=\"og:type\" content=\"article\" \/>\n<meta property=\"og:title\" content=\"DRADURA Kontakt - Dradura\" \/>\n<meta property=\"og:description\" content=\"[vc_row row_height_percent=&#8221;0&#8243; override_padding=&#8221;yes&#8221; h_padding=&#8221;2&#8243; top_padding=&#8221;5&#8243; bottom_padding=&#8221;7&#8243; back_image=&#8221;996&#8243; overlay_alpha=&#8221;50&#8243; overlay_animated=&#8221;yes&#8221; overlay_animated_1_color=&#8221;accent&#8221; overlay_animated_2_color=&#8221;color-697382&#8243; gutter_size=&#8221;3&#8243; column_width_percent=&#8221;100&#8243; shift_y=&#8221;0&#8243; z_index=&#8221;0&#8243; row_height_use_pixel=&#8221;&#8221; uncode_shortcode_id=&#8221;179958&#8243; el_class=&#8221;streifen-bg-rechts&#8221; back_color_type=&#8221;uncode-gradient&#8221; back_size=&#8221;200%&#8221; [&hellip;]\" \/>\n<meta property=\"og:url\" content=\"https:\/\/dradura.com\/pl\/kontakt\/\" \/>\n<meta property=\"og:site_name\" content=\"Dradura\" \/>\n<meta property=\"article:modified_time\" content=\"2025-05-26T12:20:17+00:00\" \/>\n<meta property=\"og:image\" content=\"https:\/\/dradura.com\/wp-content\/uploads\/2025\/03\/dradura-steelwire-production.jpg\" \/>\n\t<meta property=\"og:image:width\" content=\"1200\" \/>\n\t<meta property=\"og:image:height\" content=\"675\" \/>\n\t<meta property=\"og:image:type\" content=\"image\/jpeg\" \/>\n<meta name=\"twitter:card\" content=\"summary_large_image\" \/>\n<meta name=\"twitter:label1\" content=\"Szacowany czas czytania\" \/>\n\t<meta name=\"twitter:data1\" content=\"1 minuta\" \/>\n<script type=\"application\/ld+json\" class=\"yoast-schema-graph\">{\"@context\":\"https:\\\/\\\/schema.org\",\"@graph\":[{\"@type\":\"WebPage\",\"@id\":\"https:\\\/\\\/dradura.com\\\/pl\\\/kontakt\\\/\",\"url\":\"https:\\\/\\\/dradura.com\\\/pl\\\/kontakt\\\/\",\"name\":\"DRADURA Kontakt - Dradura\",\"isPartOf\":{\"@id\":\"https:\\\/\\\/dradura.com\\\/pl\\\/#website\"},\"datePublished\":\"2024-10-08T12:28:54+00:00\",\"dateModified\":\"2025-05-26T12:20:17+00:00\",\"breadcrumb\":{\"@id\":\"https:\\\/\\\/dradura.com\\\/pl\\\/kontakt\\\/#breadcrumb\"},\"inLanguage\":\"pl-PL\",\"potentialAction\":[{\"@type\":\"ReadAction\",\"target\":[\"https:\\\/\\\/dradura.com\\\/pl\\\/kontakt\\\/\"]}]},{\"@type\":\"BreadcrumbList\",\"@id\":\"https:\\\/\\\/dradura.com\\\/pl\\\/kontakt\\\/#breadcrumb\",\"itemListElement\":[{\"@type\":\"ListItem\",\"position\":1,\"name\":\"Home\",\"item\":\"https:\\\/\\\/dradura.com\\\/pl\\\/\"},{\"@type\":\"ListItem\",\"position\":2,\"name\":\"DRADURA Kontakt\"}]},{\"@type\":\"WebSite\",\"@id\":\"https:\\\/\\\/dradura.com\\\/pl\\\/#website\",\"url\":\"https:\\\/\\\/dradura.com\\\/pl\\\/\",\"name\":\"Dradura Webseite\",\"description\":\"Industrial steel wire solutions\",\"publisher\":{\"@id\":\"https:\\\/\\\/dradura.com\\\/pl\\\/#organization\"},\"potentialAction\":[{\"@type\":\"SearchAction\",\"target\":{\"@type\":\"EntryPoint\",\"urlTemplate\":\"https:\\\/\\\/dradura.com\\\/pl\\\/?s={search_term_string}\"},\"query-input\":{\"@type\":\"PropertyValueSpecification\",\"valueRequired\":true,\"valueName\":\"search_term_string\"}}],\"inLanguage\":\"pl-PL\"},{\"@type\":\"Organization\",\"@id\":\"https:\\\/\\\/dradura.com\\\/pl\\\/#organization\",\"name\":\"Dradura \u2013 Industrial steel wire solutions manufacturer\",\"alternateName\":\"Dradura\",\"url\":\"https:\\\/\\\/dradura.com\\\/pl\\\/\",\"logo\":{\"@type\":\"ImageObject\",\"inLanguage\":\"pl-PL\",\"@id\":\"https:\\\/\\\/dradura.com\\\/pl\\\/#\\\/schema\\\/logo\\\/image\\\/\",\"url\":\"https:\\\/\\\/dradura.com\\\/wp-content\\\/uploads\\\/2025\\\/03\\\/dradura-logo.jpg\",\"contentUrl\":\"https:\\\/\\\/dradura.com\\\/wp-content\\\/uploads\\\/2025\\\/03\\\/dradura-logo.jpg\",\"width\":696,\"height\":696,\"caption\":\"Dradura \u2013 Industrial steel wire solutions manufacturer\"},\"image\":{\"@id\":\"https:\\\/\\\/dradura.com\\\/pl\\\/#\\\/schema\\\/logo\\\/image\\\/\"}}]}<\/script>\n<!-- \/ Yoast SEO plugin. -->","yoast_head_json":{"title":"DRADURA Kontakt - Dradura","robots":{"index":"index","follow":"follow","max-snippet":"max-snippet:-1","max-image-preview":"max-image-preview:large","max-video-preview":"max-video-preview:-1"},"canonical":"https:\/\/dradura.com\/pl\/kontakt\/","og_locale":"pl_PL","og_type":"article","og_title":"DRADURA Kontakt - Dradura","og_description":"[vc_row row_height_percent=&#8221;0&#8243; override_padding=&#8221;yes&#8221; h_padding=&#8221;2&#8243; top_padding=&#8221;5&#8243; bottom_padding=&#8221;7&#8243; back_image=&#8221;996&#8243; overlay_alpha=&#8221;50&#8243; overlay_animated=&#8221;yes&#8221; overlay_animated_1_color=&#8221;accent&#8221; overlay_animated_2_color=&#8221;color-697382&#8243; gutter_size=&#8221;3&#8243; column_width_percent=&#8221;100&#8243; shift_y=&#8221;0&#8243; z_index=&#8221;0&#8243; row_height_use_pixel=&#8221;&#8221; uncode_shortcode_id=&#8221;179958&#8243; el_class=&#8221;streifen-bg-rechts&#8221; back_color_type=&#8221;uncode-gradient&#8221; back_size=&#8221;200%&#8221; [&hellip;]","og_url":"https:\/\/dradura.com\/pl\/kontakt\/","og_site_name":"Dradura","article_modified_time":"2025-05-26T12:20:17+00:00","og_image":[{"width":1200,"height":675,"url":"https:\/\/dradura.com\/wp-content\/uploads\/2025\/03\/dradura-steelwire-production.jpg","type":"image\/jpeg"}],"twitter_card":"summary_large_image","twitter_misc":{"Szacowany czas czytania":"1 minuta"},"schema":{"@context":"https:\/\/schema.org","@graph":[{"@type":"WebPage","@id":"https:\/\/dradura.com\/pl\/kontakt\/","url":"https:\/\/dradura.com\/pl\/kontakt\/","name":"DRADURA Kontakt - Dradura","isPartOf":{"@id":"https:\/\/dradura.com\/pl\/#website"},"datePublished":"2024-10-08T12:28:54+00:00","dateModified":"2025-05-26T12:20:17+00:00","breadcrumb":{"@id":"https:\/\/dradura.com\/pl\/kontakt\/#breadcrumb"},"inLanguage":"pl-PL","potentialAction":[{"@type":"ReadAction","target":["https:\/\/dradura.com\/pl\/kontakt\/"]}]},{"@type":"BreadcrumbList","@id":"https:\/\/dradura.com\/pl\/kontakt\/#breadcrumb","itemListElement":[{"@type":"ListItem","position":1,"name":"Home","item":"https:\/\/dradura.com\/pl\/"},{"@type":"ListItem","position":2,"name":"DRADURA Kontakt"}]},{"@type":"WebSite","@id":"https:\/\/dradura.com\/pl\/#website","url":"https:\/\/dradura.com\/pl\/","name":"Dradura Webseite","description":"Industrial steel wire solutions","publisher":{"@id":"https:\/\/dradura.com\/pl\/#organization"},"potentialAction":[{"@type":"SearchAction","target":{"@type":"EntryPoint","urlTemplate":"https:\/\/dradura.com\/pl\/?s={search_term_string}"},"query-input":{"@type":"PropertyValueSpecification","valueRequired":true,"valueName":"search_term_string"}}],"inLanguage":"pl-PL"},{"@type":"Organization","@id":"https:\/\/dradura.com\/pl\/#organization","name":"Dradura \u2013 Industrial steel wire solutions manufacturer","alternateName":"Dradura","url":"https:\/\/dradura.com\/pl\/","logo":{"@type":"ImageObject","inLanguage":"pl-PL","@id":"https:\/\/dradura.com\/pl\/#\/schema\/logo\/image\/","url":"https:\/\/dradura.com\/wp-content\/uploads\/2025\/03\/dradura-logo.jpg","contentUrl":"https:\/\/dradura.com\/wp-content\/uploads\/2025\/03\/dradura-logo.jpg","width":696,"height":696,"caption":"Dradura \u2013 Industrial steel wire solutions manufacturer"},"image":{"@id":"https:\/\/dradura.com\/pl\/#\/schema\/logo\/image\/"}}]}},"_links":{"self":[{"href":"https:\/\/dradura.com\/pl\/wp-json\/wp\/v2\/pages\/146818","targetHints":{"allow":["GET"]}}],"collection":[{"href":"https:\/\/dradura.com\/pl\/wp-json\/wp\/v2\/pages"}],"about":[{"href":"https:\/\/dradura.com\/pl\/wp-json\/wp\/v2\/types\/page"}],"author":[{"embeddable":true,"href":"https:\/\/dradura.com\/pl\/wp-json\/wp\/v2\/users\/3"}],"replies":[{"embeddable":true,"href":"https:\/\/dradura.com\/pl\/wp-json\/wp\/v2\/comments?post=146818"}],"version-history":[{"count":7,"href":"https:\/\/dradura.com\/pl\/wp-json\/wp\/v2\/pages\/146818\/revisions"}],"predecessor-version":[{"id":147317,"href":"https:\/\/dradura.com\/pl\/wp-json\/wp\/v2\/pages\/146818\/revisions\/147317"}],"wp:attachment":[{"href":"https:\/\/dradura.com\/pl\/wp-json\/wp\/v2\/media?parent=146818"}],"curies":[{"name":"wp","href":"https:\/\/api.w.org\/{rel}","templated":true}]}}