{"id":146827,"date":"2024-10-08T10:19:47","date_gmt":"2024-10-08T10:19:47","guid":{"rendered":"https:\/\/dradura.com\/?page_id=146827"},"modified":"2025-05-26T14:41:55","modified_gmt":"2025-05-26T14:41:55","slug":"blog","status":"publish","type":"page","link":"https:\/\/dradura.com\/pl\/blog\/","title":{"rendered":"DRADURA Blog"},"content":{"rendered":"<div class=\"wpb-content-wrapper\"><p>[vc_row row_height_percent=&#8221;50&#8243; back_image=&#8221;142150&#8243; overlay_color=&#8221;color-193322&#8243; overlay_alpha=&#8221;60&#8243; overlay_animated=&#8221;yes&#8221; overlay_animated_1_color=&#8221;accent&#8221; gutter_size=&#8221;3&#8243; column_width_percent=&#8221;100&#8243; shift_y=&#8221;0&#8243; z_index=&#8221;0&#8243; sticky=&#8221;yes&#8221; uncode_shortcode_id=&#8221;204876&#8243; overlay_color_type=&#8221;uncode-palette&#8221; overlay_animated_1_color_type=&#8221;uncode-palette&#8221;][vc_column column_width_percent=&#8221;100&#8243; position_horizontal=&#8221;left&#8221; position_vertical=&#8221;middle&#8221; gutter_size=&#8221;3&#8243; style=&#8221;dark&#8221; overlay_alpha=&#8221;50&#8243; shift_x=&#8221;0&#8243; shift_y=&#8221;0&#8243; shift_y_down=&#8221;0&#8243; z_index=&#8221;0&#8243; medium_width=&#8221;0&#8243; mobile_width=&#8221;0&#8243; width=&#8221;1\/1&#8243; uncode_shortcode_id=&#8221;132308&#8243;][vc_empty_space empty_h=&#8221;3&#8243;][vc_row_inner][vc_column_inner column_width_use_pixel=&#8221;yes&#8221; position_horizontal=&#8221;left&#8221; gutter_size=&#8221;3&#8243; style=&#8221;dark&#8221; overlay_alpha=&#8221;50&#8243; shift_x=&#8221;0&#8243; shift_y=&#8221;0&#8243; shift_y_down=&#8221;0&#8243; z_index=&#8221;0&#8243; medium_width=&#8221;0&#8243; mobile_width=&#8221;0&#8243; css_animation=&#8221;bottom-t-top&#8221; parallax_intensity=&#8221;3&#8243; parallax_centered=&#8221;yes&#8221; width=&#8221;1\/1&#8243; uncode_shortcode_id=&#8221;131798&#8243; column_width_pixel=&#8221;1380&#8243;][vc_custom_heading text_color=&#8221;color-xsdn&#8221; heading_semantic=&#8221;h3&#8243; text_size=&#8221;fontsize-144391&#8243; text_weight=&#8221;300&#8243; css_animation=&#8221;right-t-left&#8221; animation_delay=&#8221;500&#8243; uncode_shortcode_id=&#8221;144710&#8243; text_color_type=&#8221;uncode-palette&#8221;]Nasze historie[\/vc_custom_heading][vc_custom_heading text_color=&#8221;color-xsdn&#8221; text_weight=&#8221;300&#8243; text_space=&#8221;fontspace-123829&#8243; css_animation=&#8221;right-t-left&#8221; animation_delay=&#8221;500&#8243; uncode_shortcode_id=&#8221;205109&#8243; text_color_type=&#8221;uncode-palette&#8221;]Odkryj opinie ekspert\u00f3w oraz trendy, kt\u00f3re kszta\u0142tuj\u0105 przysz\u0142o\u015b\u0107 bran\u017cy \u2013 wszystko w jednym miejscu.[\/vc_custom_heading][\/vc_column_inner][\/vc_row_inner][vc_empty_space empty_h=&#8221;5&#8243;][\/vc_column][\/vc_row][vc_row row_height_percent=&#8221;0&#8243; override_padding=&#8221;yes&#8221; h_padding=&#8221;2&#8243; top_padding=&#8221;5&#8243; bottom_padding=&#8221;6&#8243; back_color=&#8221;color-xsdn&#8221; back_image=&#8221;996&#8243; overlay_alpha=&#8221;100&#8243; gutter_size=&#8221;3&#8243; column_width_percent=&#8221;100&#8243; shift_y=&#8221;0&#8243; z_index=&#8221;0&#8243; content_parallax=&#8221;0&#8243; row_height_use_pixel=&#8221;&#8221; uncode_shortcode_id=&#8221;203127&#8243; el_class=&#8221;streifen-bg&#8221; back_size=&#8221;100%&#8221; back_color_type=&#8221;uncode-palette&#8221;][vc_column width=&#8221;1\/1&#8243;][vc_custom_heading text_color=&#8221;color-697382&#8243; heading_semantic=&#8221;h3&#8243; text_weight=&#8221;400&#8243; text_height=&#8221;fontheight-289079&#8243; css_animation=&#8221;bottom-t-top&#8221; animation_delay=&#8221;400&#8243; text_uppercase=&#8221;&#8221; uncode_shortcode_id=&#8221;152978&#8243; text_color_type=&#8221;uncode-palette&#8221;]Najnowsze artyku\u0142y i informacje[\/vc_custom_heading][vc_empty_space empty_h=&#8221;3&#8243;][uncode_index el_id=&#8221;index-177493092&#8243; isotope_mode=&#8221;fitRows&#8221; loop=&#8221;size:All|order_by:date|post_type:post|categories:231|taxonomy_count:10&#8243; screen_lg=&#8221;1000&#8243; screen_md=&#8221;600&#8243; screen_sm=&#8221;480&#8243; gutter_size=&#8221;4&#8243; post_items=&#8221;media|featured|onpost|poster,spacer|one,title,spacer_two|one,text|excerpt|150,link|square|small_size|scale_mobile|default_width|default_outline&#8221; images_size=&#8221;four-three&#8221; single_overlay_color=&#8221;color-wayh&#8221; single_overlay_opacity=&#8221;50&#8243; single_text_visible=&#8221;yes&#8221; single_text_anim=&#8221;no&#8221; single_padding=&#8221;1&#8243; single_title_semantic=&#8221;h2&#8243; single_title_dimension=&#8221;custom&#8221; single_title_weight=&#8221;400&#8243; single_border=&#8221;yes&#8221; uncode_shortcode_id=&#8221;167266&#8243; heading_custom_size=&#8221;clamp(22px, 1.5625vw, 30px);&#8221; el_class=&#8221;insightsbutton insights-postblock&#8221;][\/vc_column][\/vc_row]<\/p>\n<\/div>","protected":false},"excerpt":{"rendered":"<p>[vc_row row_height_percent=&#8221;50&#8243; back_image=&#8221;142150&#8243; overlay_color=&#8221;color-193322&#8243; overlay_alpha=&#8221;60&#8243; overlay_animated=&#8221;yes&#8221; overlay_animated_1_color=&#8221;accent&#8221; gutter_size=&#8221;3&#8243; column_width_percent=&#8221;100&#8243; shift_y=&#8221;0&#8243; z_index=&#8221;0&#8243; sticky=&#8221;yes&#8221; uncode_shortcode_id=&#8221;204876&#8243; overlay_color_type=&#8221;uncode-palette&#8221; overlay_animated_1_color_type=&#8221;uncode-palette&#8221;][vc_column column_width_percent=&#8221;100&#8243; position_horizontal=&#8221;left&#8221; position_vertical=&#8221;middle&#8221; gutter_size=&#8221;3&#8243; style=&#8221;dark&#8221; [&hellip;]<\/p>\n","protected":false},"author":3,"featured_media":0,"parent":0,"menu_order":0,"comment_status":"closed","ping_status":"closed","template":"","meta":{"footnotes":""},"class_list":["post-146827","page","type-page","status-publish","hentry"],"yoast_head":"<!-- This site is optimized with the Yoast SEO plugin v27.3 - https:\/\/yoast.com\/product\/yoast-seo-wordpress\/ -->\n<title>DRADURA Blog - Dradura<\/title>\n<meta name=\"robots\" content=\"index, follow, max-snippet:-1, max-image-preview:large, max-video-preview:-1\" \/>\n<link rel=\"canonical\" href=\"https:\/\/dradura.com\/pl\/blog\/\" \/>\n<meta property=\"og:locale\" content=\"pl_PL\" \/>\n<meta property=\"og:type\" content=\"article\" \/>\n<meta property=\"og:title\" content=\"DRADURA Blog - Dradura\" \/>\n<meta property=\"og:description\" content=\"[vc_row row_height_percent=&#8221;50&#8243; back_image=&#8221;142150&#8243; overlay_color=&#8221;color-193322&#8243; overlay_alpha=&#8221;60&#8243; overlay_animated=&#8221;yes&#8221; overlay_animated_1_color=&#8221;accent&#8221; gutter_size=&#8221;3&#8243; column_width_percent=&#8221;100&#8243; shift_y=&#8221;0&#8243; z_index=&#8221;0&#8243; sticky=&#8221;yes&#8221; uncode_shortcode_id=&#8221;204876&#8243; overlay_color_type=&#8221;uncode-palette&#8221; overlay_animated_1_color_type=&#8221;uncode-palette&#8221;][vc_column column_width_percent=&#8221;100&#8243; position_horizontal=&#8221;left&#8221; position_vertical=&#8221;middle&#8221; gutter_size=&#8221;3&#8243; style=&#8221;dark&#8221; [&hellip;]\" \/>\n<meta property=\"og:url\" content=\"https:\/\/dradura.com\/pl\/blog\/\" \/>\n<meta property=\"og:site_name\" content=\"Dradura\" \/>\n<meta property=\"article:modified_time\" content=\"2025-05-26T14:41:55+00:00\" \/>\n<meta property=\"og:image\" content=\"https:\/\/dradura.com\/wp-content\/uploads\/2025\/03\/dradura-steelwire-production.jpg\" \/>\n\t<meta property=\"og:image:width\" content=\"1200\" \/>\n\t<meta property=\"og:image:height\" content=\"675\" \/>\n\t<meta property=\"og:image:type\" content=\"image\/jpeg\" \/>\n<meta name=\"twitter:card\" content=\"summary_large_image\" \/>\n<meta name=\"twitter:label1\" content=\"Szacowany czas czytania\" \/>\n\t<meta name=\"twitter:data1\" content=\"1 minuta\" \/>\n<script type=\"application\/ld+json\" class=\"yoast-schema-graph\">{\"@context\":\"https:\\\/\\\/schema.org\",\"@graph\":[{\"@type\":\"WebPage\",\"@id\":\"https:\\\/\\\/dradura.com\\\/pl\\\/blog\\\/\",\"url\":\"https:\\\/\\\/dradura.com\\\/pl\\\/blog\\\/\",\"name\":\"DRADURA Blog - Dradura\",\"isPartOf\":{\"@id\":\"https:\\\/\\\/dradura.com\\\/pl\\\/#website\"},\"datePublished\":\"2024-10-08T10:19:47+00:00\",\"dateModified\":\"2025-05-26T14:41:55+00:00\",\"breadcrumb\":{\"@id\":\"https:\\\/\\\/dradura.com\\\/pl\\\/blog\\\/#breadcrumb\"},\"inLanguage\":\"pl-PL\",\"potentialAction\":[{\"@type\":\"ReadAction\",\"target\":[\"https:\\\/\\\/dradura.com\\\/pl\\\/blog\\\/\"]}]},{\"@type\":\"BreadcrumbList\",\"@id\":\"https:\\\/\\\/dradura.com\\\/pl\\\/blog\\\/#breadcrumb\",\"itemListElement\":[{\"@type\":\"ListItem\",\"position\":1,\"name\":\"Home\",\"item\":\"https:\\\/\\\/dradura.com\\\/pl\\\/\"},{\"@type\":\"ListItem\",\"position\":2,\"name\":\"DRADURA Blog\"}]},{\"@type\":\"WebSite\",\"@id\":\"https:\\\/\\\/dradura.com\\\/pl\\\/#website\",\"url\":\"https:\\\/\\\/dradura.com\\\/pl\\\/\",\"name\":\"Dradura Webseite\",\"description\":\"Industrial steel wire solutions\",\"publisher\":{\"@id\":\"https:\\\/\\\/dradura.com\\\/pl\\\/#organization\"},\"potentialAction\":[{\"@type\":\"SearchAction\",\"target\":{\"@type\":\"EntryPoint\",\"urlTemplate\":\"https:\\\/\\\/dradura.com\\\/pl\\\/?s={search_term_string}\"},\"query-input\":{\"@type\":\"PropertyValueSpecification\",\"valueRequired\":true,\"valueName\":\"search_term_string\"}}],\"inLanguage\":\"pl-PL\"},{\"@type\":\"Organization\",\"@id\":\"https:\\\/\\\/dradura.com\\\/pl\\\/#organization\",\"name\":\"Dradura \u2013 Industrial steel wire solutions manufacturer\",\"alternateName\":\"Dradura\",\"url\":\"https:\\\/\\\/dradura.com\\\/pl\\\/\",\"logo\":{\"@type\":\"ImageObject\",\"inLanguage\":\"pl-PL\",\"@id\":\"https:\\\/\\\/dradura.com\\\/pl\\\/#\\\/schema\\\/logo\\\/image\\\/\",\"url\":\"https:\\\/\\\/dradura.com\\\/wp-content\\\/uploads\\\/2025\\\/03\\\/dradura-logo.jpg\",\"contentUrl\":\"https:\\\/\\\/dradura.com\\\/wp-content\\\/uploads\\\/2025\\\/03\\\/dradura-logo.jpg\",\"width\":696,\"height\":696,\"caption\":\"Dradura \u2013 Industrial steel wire solutions manufacturer\"},\"image\":{\"@id\":\"https:\\\/\\\/dradura.com\\\/pl\\\/#\\\/schema\\\/logo\\\/image\\\/\"}}]}<\/script>\n<!-- \/ Yoast SEO plugin. -->","yoast_head_json":{"title":"DRADURA Blog - Dradura","robots":{"index":"index","follow":"follow","max-snippet":"max-snippet:-1","max-image-preview":"max-image-preview:large","max-video-preview":"max-video-preview:-1"},"canonical":"https:\/\/dradura.com\/pl\/blog\/","og_locale":"pl_PL","og_type":"article","og_title":"DRADURA Blog - Dradura","og_description":"[vc_row row_height_percent=&#8221;50&#8243; back_image=&#8221;142150&#8243; overlay_color=&#8221;color-193322&#8243; overlay_alpha=&#8221;60&#8243; overlay_animated=&#8221;yes&#8221; overlay_animated_1_color=&#8221;accent&#8221; gutter_size=&#8221;3&#8243; column_width_percent=&#8221;100&#8243; shift_y=&#8221;0&#8243; z_index=&#8221;0&#8243; sticky=&#8221;yes&#8221; uncode_shortcode_id=&#8221;204876&#8243; overlay_color_type=&#8221;uncode-palette&#8221; overlay_animated_1_color_type=&#8221;uncode-palette&#8221;][vc_column column_width_percent=&#8221;100&#8243; position_horizontal=&#8221;left&#8221; position_vertical=&#8221;middle&#8221; gutter_size=&#8221;3&#8243; style=&#8221;dark&#8221; [&hellip;]","og_url":"https:\/\/dradura.com\/pl\/blog\/","og_site_name":"Dradura","article_modified_time":"2025-05-26T14:41:55+00:00","og_image":[{"width":1200,"height":675,"url":"https:\/\/dradura.com\/wp-content\/uploads\/2025\/03\/dradura-steelwire-production.jpg","type":"image\/jpeg"}],"twitter_card":"summary_large_image","twitter_misc":{"Szacowany czas czytania":"1 minuta"},"schema":{"@context":"https:\/\/schema.org","@graph":[{"@type":"WebPage","@id":"https:\/\/dradura.com\/pl\/blog\/","url":"https:\/\/dradura.com\/pl\/blog\/","name":"DRADURA Blog - Dradura","isPartOf":{"@id":"https:\/\/dradura.com\/pl\/#website"},"datePublished":"2024-10-08T10:19:47+00:00","dateModified":"2025-05-26T14:41:55+00:00","breadcrumb":{"@id":"https:\/\/dradura.com\/pl\/blog\/#breadcrumb"},"inLanguage":"pl-PL","potentialAction":[{"@type":"ReadAction","target":["https:\/\/dradura.com\/pl\/blog\/"]}]},{"@type":"BreadcrumbList","@id":"https:\/\/dradura.com\/pl\/blog\/#breadcrumb","itemListElement":[{"@type":"ListItem","position":1,"name":"Home","item":"https:\/\/dradura.com\/pl\/"},{"@type":"ListItem","position":2,"name":"DRADURA Blog"}]},{"@type":"WebSite","@id":"https:\/\/dradura.com\/pl\/#website","url":"https:\/\/dradura.com\/pl\/","name":"Dradura Webseite","description":"Industrial steel wire solutions","publisher":{"@id":"https:\/\/dradura.com\/pl\/#organization"},"potentialAction":[{"@type":"SearchAction","target":{"@type":"EntryPoint","urlTemplate":"https:\/\/dradura.com\/pl\/?s={search_term_string}"},"query-input":{"@type":"PropertyValueSpecification","valueRequired":true,"valueName":"search_term_string"}}],"inLanguage":"pl-PL"},{"@type":"Organization","@id":"https:\/\/dradura.com\/pl\/#organization","name":"Dradura \u2013 Industrial steel wire solutions manufacturer","alternateName":"Dradura","url":"https:\/\/dradura.com\/pl\/","logo":{"@type":"ImageObject","inLanguage":"pl-PL","@id":"https:\/\/dradura.com\/pl\/#\/schema\/logo\/image\/","url":"https:\/\/dradura.com\/wp-content\/uploads\/2025\/03\/dradura-logo.jpg","contentUrl":"https:\/\/dradura.com\/wp-content\/uploads\/2025\/03\/dradura-logo.jpg","width":696,"height":696,"caption":"Dradura \u2013 Industrial steel wire solutions manufacturer"},"image":{"@id":"https:\/\/dradura.com\/pl\/#\/schema\/logo\/image\/"}}]}},"_links":{"self":[{"href":"https:\/\/dradura.com\/pl\/wp-json\/wp\/v2\/pages\/146827","targetHints":{"allow":["GET"]}}],"collection":[{"href":"https:\/\/dradura.com\/pl\/wp-json\/wp\/v2\/pages"}],"about":[{"href":"https:\/\/dradura.com\/pl\/wp-json\/wp\/v2\/types\/page"}],"author":[{"embeddable":true,"href":"https:\/\/dradura.com\/pl\/wp-json\/wp\/v2\/users\/3"}],"replies":[{"embeddable":true,"href":"https:\/\/dradura.com\/pl\/wp-json\/wp\/v2\/comments?post=146827"}],"version-history":[{"count":10,"href":"https:\/\/dradura.com\/pl\/wp-json\/wp\/v2\/pages\/146827\/revisions"}],"predecessor-version":[{"id":147803,"href":"https:\/\/dradura.com\/pl\/wp-json\/wp\/v2\/pages\/146827\/revisions\/147803"}],"wp:attachment":[{"href":"https:\/\/dradura.com\/pl\/wp-json\/wp\/v2\/media?parent=146827"}],"curies":[{"name":"wp","href":"https:\/\/api.w.org\/{rel}","templated":true}]}}