{"id":147367,"date":"2025-02-12T11:03:56","date_gmt":"2025-02-12T11:03:56","guid":{"rendered":"https:\/\/dradura.com\/?page_id=147367"},"modified":"2025-08-21T13:26:39","modified_gmt":"2025-08-21T13:26:39","slug":"podania-pracy","status":"publish","type":"page","link":"https:\/\/dradura.com\/pl\/podania-pracy\/","title":{"rendered":"Podania Pracy"},"content":{"rendered":"<div class=\"wpb-content-wrapper\"><p>[vc_row row_height_percent=&#8221;0&#8243; override_padding=&#8221;yes&#8221; h_padding=&#8221;2&#8243; top_padding=&#8221;5&#8243; bottom_padding=&#8221;7&#8243; back_image=&#8221;996&#8243; overlay_alpha=&#8221;50&#8243; overlay_animated=&#8221;yes&#8221; overlay_animated_1_color=&#8221;accent&#8221; overlay_animated_2_color=&#8221;color-697382&#8243; gutter_size=&#8221;3&#8243; column_width_percent=&#8221;100&#8243; shift_y=&#8221;0&#8243; z_index=&#8221;0&#8243; content_parallax=&#8221;0&#8243; row_height_use_pixel=&#8221;&#8221; uncode_shortcode_id=&#8221;964220&#8243; el_class=&#8221;streifen-bg-rechts&#8221; back_color_type=&#8221;uncode-gradient&#8221; back_size=&#8221;200%&#8221; back_color_gradient=&#8221;{&#8222;css&#8222;:&#8222;background: linear-gradient(to right , rgb(0, 40, 78) , rgb(10, 23, 45) 96%);&#8222;,&#8222;sliders&#8222;:`{`{&#8222;color&#8222;:&#8222;rgb(0, 40, 78)&#8222;,&#8222;position&#8222;:0},{&#8222;color&#8222;:&#8222;rgb(10, 23, 45)&#8222;,&#8222;position&#8222;:96}`}`,&#8222;type&#8222;:&#8222;linear&#8222;,&#8222;direction&#8222;:&#8222;left&#8222;}&#8221; overlay_animated_1_color_type=&#8221;uncode-palette&#8221; overlay_animated_2_color_type=&#8221;uncode-palette&#8221;][vc_column column_width_percent=&#8221;100&#8243; gutter_size=&#8221;3&#8243; overlay_alpha=&#8221;50&#8243; shift_x=&#8221;0&#8243; shift_y=&#8221;0&#8243; shift_y_down=&#8221;0&#8243; z_index=&#8221;0&#8243; medium_width=&#8221;0&#8243; mobile_width=&#8221;0&#8243; width=&#8221;1\/1&#8243; uncode_shortcode_id=&#8221;158193&#8243;][vc_empty_space empty_h=&#8221;1&#8243;][vc_custom_heading text_color=&#8221;color-xsdn&#8221; text_size=&#8221;h1&#8243; css_animation=&#8221;right-t-left&#8221; animation_delay=&#8221;500&#8243; uncode_shortcode_id=&#8221;147582&#8243; text_color_type=&#8221;uncode-palette&#8221;]Wy\u015blij swoje <b>CV<\/b>[\/vc_custom_heading][vc_row_inner][vc_column_inner width=&#8221;2\/3&#8243;][vc_custom_heading text_color=&#8221;color-xsdn&#8221; heading_semantic=&#8221;h3&#8243; text_size=&#8221;h3&#8243; text_height=&#8221;fontheight-289079&#8243; text_uppercase=&#8221;&#8221; uncode_shortcode_id=&#8221;304698&#8243; text_color_type=&#8221;uncode-palette&#8221;]Zapraszamy do zapoznania si\u0119 z <strong>naszymi ofertami<\/strong> pracy. <strong>Aplikacje<\/strong> prosimy <strong>przesy\u0142a\u0107<\/strong> za po\u015brednictwem<strong> podanych link\u00f3w<\/strong> lub naszego <strong>formularza<\/strong>.[\/vc_custom_heading][\/vc_column_inner][vc_column_inner width=&#8221;1\/3&#8243;][\/vc_column_inner][\/vc_row_inner][vc_button button_color=&#8221;color-238799&#8243; size=&#8221;btn-sm&#8221; border_animation=&#8221;btn-ripple-out&#8221; hover_fx=&#8221;outlined&#8221; outline=&#8221;yes&#8221; border_width=&#8221;0&#8243; icon_position=&#8221;right&#8221; link=&#8221;url:https%3A%2F%2Fpracodawcy.pracuj.pl%2Fprofile%2Fdradura-polska-sp-z-o-o%2Cxfsrdzv%2Cpl%3Ffbclid%3DIwY2xjawIZToRleHRuA2FlbQIxMAABHUYE6gIqRnjBcS4UT6Rb0AwoerFRBZu2zI48_XT3qusIevKJ77LliJzaVw_aem_8JrU1jis8fl4D7g9wHbPhA%23praca-staz-i-rekrutacja-tab|title:Oferty%20pracy|target:_blank&#8221; button_color_type=&#8221;uncode-palette&#8221; uncode_shortcode_id=&#8221;196072&#8243; icon=&#8221;fa fa-external-link&#8221; width=&#8221;250&#8243;]Oferty pracy[\/vc_button][vc_empty_space empty_h=&#8221;1&#8243;][vc_empty_space empty_h=&#8221;2&#8243;][vc_row_inner row_inner_height_percent=&#8221;0&#8243; overlay_alpha=&#8221;50&#8243; gutter_size=&#8221;3&#8243; shift_y=&#8221;0&#8243; z_index=&#8221;0&#8243; uncode_shortcode_id=&#8221;165308&#8243;][vc_column_inner column_width_percent=&#8221;100&#8243; gutter_size=&#8221;3&#8243; overlay_alpha=&#8221;50&#8243; shift_x=&#8221;0&#8243; shift_y=&#8221;0&#8243; shift_y_down=&#8221;0&#8243; z_index=&#8221;0&#8243; medium_width=&#8221;0&#8243; mobile_width=&#8221;0&#8243; width=&#8221;1\/2&#8243; uncode_shortcode_id=&#8221;117314&#8243;][vc_custom_heading text_color=&#8221;color-xsdn&#8221; heading_semantic=&#8221;h3&#8243; text_size=&#8221;h4&#8243; text_height=&#8221;fontheight-289079&#8243; text_uppercase=&#8221;&#8221; uncode_shortcode_id=&#8221;158672&#8243; text_color_type=&#8221;uncode-palette&#8221;]Aby zapozna\u0107 si\u0119 z naszymi mi\u0119dzynarodowymi ofertami pracy, odwied\u017a nasz\u0105 stron\u0119 w j\u0119zyku angielskim:[\/vc_custom_heading][\/vc_column_inner][vc_column_inner width=&#8221;1\/2&#8243;][\/vc_column_inner][\/vc_row_inner][vc_button button_color=&#8221;color-238799&#8243; size=&#8221;btn-sm&#8221; border_animation=&#8221;btn-ripple-out&#8221; hover_fx=&#8221;outlined&#8221; outline=&#8221;yes&#8221; border_width=&#8221;0&#8243; icon_position=&#8221;right&#8221; link=&#8221;url:https%3A%2F%2Fdradura.com%2Fjob-offers%2F|title:interantionale%20Stellenangebote|target:_blank&#8221; button_color_type=&#8221;uncode-palette&#8221; uncode_shortcode_id=&#8221;596460&#8243; icon=&#8221;fa fa-external-link&#8221; width=&#8221;250&#8243;]Mi\u0119dzynarodowe oferty pracy[\/vc_button][vc_row_inner row_inner_height_percent=&#8221;0&#8243; overlay_alpha=&#8221;50&#8243; gutter_size=&#8221;3&#8243; shift_y=&#8221;0&#8243; z_index=&#8221;0&#8243; uncode_shortcode_id=&#8221;165308&#8243;][vc_column_inner column_width_percent=&#8221;100&#8243; gutter_size=&#8221;3&#8243; overlay_alpha=&#8221;50&#8243; shift_x=&#8221;0&#8243; shift_y=&#8221;0&#8243; shift_y_down=&#8221;0&#8243; z_index=&#8221;0&#8243; medium_width=&#8221;0&#8243; mobile_width=&#8221;0&#8243; width=&#8221;1\/1&#8243; uncode_shortcode_id=&#8221;117314&#8243;]\n<div class=\"wpcf7 no-js\" id=\"wpcf7-f147315-o1\" lang=\"en-US\" dir=\"ltr\" data-wpcf7-id=\"147315\">\n<div class=\"screen-reader-response\"><p role=\"status\" aria-live=\"polite\" aria-atomic=\"true\"><\/p> <ul><\/ul><\/div>\n<form action=\"\/pl\/wp-json\/wp\/v2\/pages\/147367#wpcf7-f147315-o1\" method=\"post\" class=\"wpcf7-form init\" aria-label=\"Contact form\" enctype=\"multipart\/form-data\" novalidate=\"novalidate\" data-status=\"init\">\n<fieldset class=\"hidden-fields-container\"><input type=\"hidden\" name=\"_wpcf7\" value=\"147315\" \/><input type=\"hidden\" name=\"_wpcf7_version\" value=\"6.1.5\" \/><input type=\"hidden\" name=\"_wpcf7_locale\" value=\"en_US\" \/><input type=\"hidden\" name=\"_wpcf7_unit_tag\" value=\"wpcf7-f147315-o1\" \/><input type=\"hidden\" name=\"_wpcf7_container_post\" value=\"0\" \/><input type=\"hidden\" name=\"_wpcf7_posted_data_hash\" value=\"\" \/>\n<\/fieldset>\n<div class=\"wpcf7-inline-wrapper\">\n\t<p class=\"wpcf7-inline-field\"><br \/>\n<label for=\"first-name\" class=\"wpcf7-inline-field\">Imi\u0119*<\/label><br \/>\n<span class=\"wpcf7-form-control-wrap\" data-name=\"first-name\"><input size=\"40\" maxlength=\"400\" class=\"wpcf7-form-control wpcf7-text wpcf7-validates-as-required\" id=\"first-name\" aria-required=\"true\" aria-invalid=\"false\" placeholder=\"Imi\u0119\" value=\"\" type=\"text\" name=\"first-name\" \/><\/span>\n\t<\/p>\n\t<p class=\"wpcf7-inline-field\"><br \/>\n<label for=\"last-name\" class=\"wpcf7-inline-field\">Nazwisko*<\/label><br \/>\n<span class=\"wpcf7-form-control-wrap\" data-name=\"last-name\"><input size=\"40\" maxlength=\"400\" class=\"wpcf7-form-control wpcf7-text wpcf7-validates-as-required\" id=\"last-name\" aria-required=\"true\" aria-invalid=\"false\" placeholder=\"Nazwisko\" value=\"\" type=\"text\" name=\"last-name\" \/><\/span>\n\t<\/p>\n<\/div>\n<p class=\"wpcf7-inline-wide\"><br \/>\n<label for=\"address\" class=\"wpcf7-inline-field\">Adres<\/label><br \/>\n<span class=\"wpcf7-form-control-wrap\" data-name=\"your-address\"><input size=\"40\" maxlength=\"400\" class=\"wpcf7-form-control wpcf7-text\" id=\"address\" aria-invalid=\"false\" placeholder=\"Adres\" value=\"\" type=\"text\" name=\"your-address\" \/><\/span>\n<\/p>\n<div class=\"wpcf7-inline-wrapper\">\n\t<p class=\"wpcf7-inline-field\"><br \/>\n<label for=\"zip\" class=\"wpcf7-inline-field\">Kod pocztowy*<\/label><br \/>\n<span class=\"wpcf7-form-control-wrap\" data-name=\"your-zip\"><input size=\"40\" maxlength=\"400\" class=\"wpcf7-form-control wpcf7-text wpcf7-validates-as-required\" id=\"zip\" aria-required=\"true\" aria-invalid=\"false\" placeholder=\"Kod pocztowy\" value=\"\" type=\"text\" name=\"your-zip\" \/><\/span>\n\t<\/p>\n\t<p class=\"wpcf7-inline-field\"><br \/>\n<label for=\"city\" class=\"wpcf7-inline-field\">Miasto*<\/label><br \/>\n<span class=\"wpcf7-form-control-wrap\" data-name=\"your-city\"><input size=\"40\" maxlength=\"400\" class=\"wpcf7-form-control wpcf7-text wpcf7-validates-as-required\" id=\"city\" aria-required=\"true\" aria-invalid=\"false\" placeholder=\"Miasto\" value=\"\" type=\"text\" name=\"your-city\" \/><\/span>\n\t<\/p>\n<\/div>\n<div class=\"wpcf7-inline-wrapper\">\n\t<p class=\"wpcf7-inline-field\"><br \/>\n<label for=\"email\" class=\"wpcf7-inline-field\">Email*<\/label><br \/>\n<span class=\"wpcf7-form-control-wrap\" data-name=\"your-email\"><input size=\"40\" maxlength=\"400\" class=\"wpcf7-form-control wpcf7-email wpcf7-validates-as-required wpcf7-text wpcf7-validates-as-email\" id=\"email\" aria-required=\"true\" aria-invalid=\"false\" placeholder=\"Email\" value=\"\" type=\"email\" name=\"your-email\" \/><\/span>\n\t<\/p>\n\t<p class=\"wpcf7-inline-field\"><br \/>\n<label for=\"telephone\" class=\"wpcf7-inline-field\">Numer telefonu*<\/label><br \/>\n<span class=\"wpcf7-form-control-wrap\" data-name=\"your-telephone\"><input size=\"40\" maxlength=\"400\" class=\"wpcf7-form-control wpcf7-tel wpcf7-validates-as-required wpcf7-text wpcf7-validates-as-tel\" id=\"telephone\" aria-required=\"true\" aria-invalid=\"false\" placeholder=\"Numer telefonu\" value=\"\" type=\"tel\" name=\"your-telephone\" \/><\/span>\n\t<\/p>\n<\/div>\n<p class=\"wpcf7-inline-wide\"><br \/>\n<label for=\"joboffer\" class=\"wpcf7-inline-field\">Oferta pracy \/ pozycja<\/label><br \/>\n<span class=\"wpcf7-form-control-wrap\" data-name=\"your-joboffer\"><input size=\"40\" maxlength=\"400\" class=\"wpcf7-form-control wpcf7-text\" id=\"joboffer\" aria-invalid=\"false\" placeholder=\"Oferta pracy \/ pozycja\" value=\"\" type=\"text\" name=\"your-joboffer\" \/><\/span>\n<\/p>\n<p><br \/>\n<label for=\"your-message\">Twoja wiadomo\u015b\u0107*<\/label><br \/>\n<span class=\"wpcf7-form-control-wrap\" data-name=\"your-message\"><textarea cols=\"40\" rows=\"10\" maxlength=\"2000\" class=\"wpcf7-form-control wpcf7-textarea wpcf7-validates-as-required\" id=\"your-message\" aria-required=\"true\" aria-invalid=\"false\" placeholder=\"Twoja wiadomo\u015b\u0107\" name=\"your-message\"><\/textarea><\/span>\n<\/p>\n<p style=\"margin-top:40px;\">CV<br \/>\n<span style=\"font-size:11px;    display: block;\">(Max. 10Mb | pdf | doc | docx | jpg | jpeg | png)<\/span>\n<\/p>\n<p><span class=\"wpcf7-form-control-wrap\" data-name=\"file-up\"><input size=\"40\" class=\"wpcf7-form-control wpcf7-file\" accept=\".pdf,.doc,.docx,.jpg,.jpeg,.png\" aria-invalid=\"false\" type=\"file\" name=\"file-up\" \/><\/span>\n<\/p>\n<p style=\"margin-top:40px;\">List motywacyjny<br \/>\n<span style=\"font-size:11px;    display: block;\">(Max. 10Mb | pdf | doc | docx | jpg | jpeg | png)<\/span>\n<\/p>\n<p><span class=\"wpcf7-form-control-wrap\" data-name=\"file-up2\"><input size=\"40\" class=\"wpcf7-form-control wpcf7-file\" accept=\".pdf,.doc,.docx,.jpg,.jpeg,.png\" aria-invalid=\"false\" type=\"file\" name=\"file-up2\" \/><\/span>\n<\/p>\n<p style=\"margin-top:40px;\">Dodatkowe dokumenty<br \/>\n<span style=\"font-size:11px;    display: block;\">(Max. 10Mb | pdf | doc | docx | jpg | jpeg | png)<\/span>\n<\/p>\n<p><span class=\"wpcf7-form-control-wrap\" data-name=\"file-up3\"><input size=\"40\" class=\"wpcf7-form-control wpcf7-file\" accept=\".pdf,.doc,.docx,.jpg,.jpeg,.png\" aria-invalid=\"false\" type=\"file\" name=\"file-up3\" \/><\/span>\n<\/p>\n<p><span id=\"wpcf7-69e8d96003828-wrapper\" class=\"wpcf7-form-control-wrap application-wrap\" style=\"display:none !important; visibility:hidden !important;\"><label for=\"wpcf7-69e8d96003828-field\" class=\"hp-message\">Please leave this field empty.<\/label><input id=\"wpcf7-69e8d96003828-field\"  class=\"wpcf7-form-control wpcf7-text\" type=\"text\" name=\"application\" value=\"\" size=\"40\" tabindex=\"-1\" autocomplete=\"new-password\" \/><\/span><br \/>\n<span id=\"wpcf7-69e8d96003869-wrapper\" class=\"wpcf7-form-control-wrap Date-wrap\" style=\"display:none !important; visibility:hidden !important;\"><label for=\"wpcf7-69e8d96003869-field\" class=\"hp-message\">Please leave this field empty.<\/label><input id=\"wpcf7-69e8d96003869-field\"  placeholder=\"Date\"  class=\"wpcf7-form-control wpcf7-text\" type=\"text\" name=\"Date\" value=\"\" size=\"40\" tabindex=\"-1\" autocomplete=\"new-password\" \/><\/span>\n<\/p>\n<p><span class=\"wpcf7-form-control-wrap\" data-name=\"accept-this-1\"><span class=\"wpcf7-form-control wpcf7-acceptance\"><span class=\"wpcf7-list-item\"><label><input type=\"checkbox\" name=\"accept-this-1\" value=\"1\" aria-invalid=\"false\" \/><span class=\"wpcf7-list-item-label\">Wyra\u017cam zgod\u0119 na przechowywanie i przetwarzanie moich dokument\u00f3w aplikacyjnych oraz danych osobowych w celu rozpatrzenia mojej aplikacji. Moje dane b\u0119d\u0105 przetwarzane zgodnie z obowi\u0105zuj\u0105cymi przepisami o ochronie danych osobowych.\nWi\u0119cej informacji zamieszczamy w <a href=\"\/pl\/polityka-prywatnosci-i-informacja-o-przetwarzaniu-danych-osobowych\/\">polityce prywatno\u015bci<\/a>.<\/span><\/label><\/span><\/span><\/span>\n<\/p>\n<p><input class=\"wpcf7-form-control wpcf7-submit has-spinner btn btn-accent\" type=\"submit\" value=\"WY\u015aLIJ WIADOMO\u015a\u0106\" \/>\n<\/p><input type='hidden' class='wpcf7-pum' value='{\"closepopup\":false,\"closedelay\":0,\"openpopup\":false,\"openpopup_id\":0}' \/><div class=\"wpcf7-response-output\" aria-hidden=\"true\"><\/div>\n<\/form>\n<\/div>\n[\/vc_column_inner][\/vc_row_inner][\/vc_column][\/vc_row]<\/p>\n<\/div>","protected":false},"excerpt":{"rendered":"<p>[vc_row row_height_percent=&#8221;0&#8243; override_padding=&#8221;yes&#8221; h_padding=&#8221;2&#8243; top_padding=&#8221;5&#8243; bottom_padding=&#8221;7&#8243; back_image=&#8221;996&#8243; overlay_alpha=&#8221;50&#8243; overlay_animated=&#8221;yes&#8221; overlay_animated_1_color=&#8221;accent&#8221; overlay_animated_2_color=&#8221;color-697382&#8243; gutter_size=&#8221;3&#8243; column_width_percent=&#8221;100&#8243; shift_y=&#8221;0&#8243; z_index=&#8221;0&#8243; content_parallax=&#8221;0&#8243; row_height_use_pixel=&#8221;&#8221; uncode_shortcode_id=&#8221;964220&#8243; el_class=&#8221;streifen-bg-rechts&#8221; back_color_type=&#8221;uncode-gradient&#8221; [&hellip;]<\/p>\n","protected":false},"author":2,"featured_media":0,"parent":0,"menu_order":0,"comment_status":"closed","ping_status":"closed","template":"","meta":{"footnotes":""},"class_list":["post-147367","page","type-page","status-publish","hentry"],"yoast_head":"<!-- This site is optimized with the Yoast SEO plugin v27.4 - https:\/\/yoast.com\/product\/yoast-seo-wordpress\/ -->\n<title>Podania Pracy - Dradura<\/title>\n<meta name=\"robots\" content=\"index, follow, max-snippet:-1, max-image-preview:large, max-video-preview:-1\" \/>\n<link rel=\"canonical\" href=\"https:\/\/dradura.com\/pl\/podania-pracy\/\" \/>\n<meta property=\"og:locale\" content=\"pl_PL\" \/>\n<meta property=\"og:type\" content=\"article\" \/>\n<meta property=\"og:title\" content=\"Podania Pracy - Dradura\" \/>\n<meta property=\"og:description\" content=\"[vc_row row_height_percent=&#8221;0&#8243; override_padding=&#8221;yes&#8221; h_padding=&#8221;2&#8243; top_padding=&#8221;5&#8243; bottom_padding=&#8221;7&#8243; back_image=&#8221;996&#8243; overlay_alpha=&#8221;50&#8243; overlay_animated=&#8221;yes&#8221; overlay_animated_1_color=&#8221;accent&#8221; overlay_animated_2_color=&#8221;color-697382&#8243; gutter_size=&#8221;3&#8243; column_width_percent=&#8221;100&#8243; shift_y=&#8221;0&#8243; z_index=&#8221;0&#8243; content_parallax=&#8221;0&#8243; row_height_use_pixel=&#8221;&#8221; uncode_shortcode_id=&#8221;964220&#8243; el_class=&#8221;streifen-bg-rechts&#8221; back_color_type=&#8221;uncode-gradient&#8221; [&hellip;]\" \/>\n<meta property=\"og:url\" content=\"https:\/\/dradura.com\/pl\/podania-pracy\/\" \/>\n<meta property=\"og:site_name\" content=\"Dradura\" \/>\n<meta property=\"article:modified_time\" content=\"2025-08-21T13:26:39+00:00\" \/>\n<meta property=\"og:image\" content=\"https:\/\/dradura.com\/wp-content\/uploads\/2025\/03\/dradura-steelwire-production.jpg\" \/>\n\t<meta property=\"og:image:width\" content=\"1200\" \/>\n\t<meta property=\"og:image:height\" content=\"675\" \/>\n\t<meta property=\"og:image:type\" content=\"image\/jpeg\" \/>\n<meta name=\"twitter:card\" content=\"summary_large_image\" \/>\n<meta name=\"twitter:label1\" content=\"Szacowany czas czytania\" \/>\n\t<meta name=\"twitter:data1\" content=\"1 minuta\" \/>\n<script type=\"application\/ld+json\" class=\"yoast-schema-graph\">{\"@context\":\"https:\\\/\\\/schema.org\",\"@graph\":[{\"@type\":\"WebPage\",\"@id\":\"https:\\\/\\\/dradura.com\\\/pl\\\/podania-pracy\\\/\",\"url\":\"https:\\\/\\\/dradura.com\\\/pl\\\/podania-pracy\\\/\",\"name\":\"Podania Pracy - Dradura\",\"isPartOf\":{\"@id\":\"https:\\\/\\\/dradura.com\\\/#website\"},\"datePublished\":\"2025-02-12T11:03:56+00:00\",\"dateModified\":\"2025-08-21T13:26:39+00:00\",\"breadcrumb\":{\"@id\":\"https:\\\/\\\/dradura.com\\\/pl\\\/podania-pracy\\\/#breadcrumb\"},\"inLanguage\":\"pl-PL\",\"potentialAction\":[{\"@type\":\"ReadAction\",\"target\":[\"https:\\\/\\\/dradura.com\\\/pl\\\/podania-pracy\\\/\"]}]},{\"@type\":\"BreadcrumbList\",\"@id\":\"https:\\\/\\\/dradura.com\\\/pl\\\/podania-pracy\\\/#breadcrumb\",\"itemListElement\":[{\"@type\":\"ListItem\",\"position\":1,\"name\":\"Home\",\"item\":\"https:\\\/\\\/dradura.com\\\/pl\\\/\"},{\"@type\":\"ListItem\",\"position\":2,\"name\":\"Podania Pracy\"}]},{\"@type\":\"WebSite\",\"@id\":\"https:\\\/\\\/dradura.com\\\/#website\",\"url\":\"https:\\\/\\\/dradura.com\\\/\",\"name\":\"Dradura Webseite\",\"description\":\"Industrial steel wire solutions\",\"publisher\":{\"@id\":\"https:\\\/\\\/dradura.com\\\/#organization\"},\"potentialAction\":[{\"@type\":\"SearchAction\",\"target\":{\"@type\":\"EntryPoint\",\"urlTemplate\":\"https:\\\/\\\/dradura.com\\\/?s={search_term_string}\"},\"query-input\":{\"@type\":\"PropertyValueSpecification\",\"valueRequired\":true,\"valueName\":\"search_term_string\"}}],\"inLanguage\":\"pl-PL\"},{\"@type\":\"Organization\",\"@id\":\"https:\\\/\\\/dradura.com\\\/#organization\",\"name\":\"Dradura \u2013 Industrial steel wire solutions manufacturer\",\"alternateName\":\"Dradura\",\"url\":\"https:\\\/\\\/dradura.com\\\/\",\"logo\":{\"@type\":\"ImageObject\",\"inLanguage\":\"pl-PL\",\"@id\":\"https:\\\/\\\/dradura.com\\\/#\\\/schema\\\/logo\\\/image\\\/\",\"url\":\"https:\\\/\\\/dradura.com\\\/wp-content\\\/uploads\\\/2025\\\/03\\\/dradura-logo.jpg\",\"contentUrl\":\"https:\\\/\\\/dradura.com\\\/wp-content\\\/uploads\\\/2025\\\/03\\\/dradura-logo.jpg\",\"width\":696,\"height\":696,\"caption\":\"Dradura \u2013 Industrial steel wire solutions manufacturer\"},\"image\":{\"@id\":\"https:\\\/\\\/dradura.com\\\/#\\\/schema\\\/logo\\\/image\\\/\"}}]}<\/script>\n<!-- \/ Yoast SEO plugin. -->","yoast_head_json":{"title":"Podania Pracy - Dradura","robots":{"index":"index","follow":"follow","max-snippet":"max-snippet:-1","max-image-preview":"max-image-preview:large","max-video-preview":"max-video-preview:-1"},"canonical":"https:\/\/dradura.com\/pl\/podania-pracy\/","og_locale":"pl_PL","og_type":"article","og_title":"Podania Pracy - Dradura","og_description":"[vc_row row_height_percent=&#8221;0&#8243; override_padding=&#8221;yes&#8221; h_padding=&#8221;2&#8243; top_padding=&#8221;5&#8243; bottom_padding=&#8221;7&#8243; back_image=&#8221;996&#8243; overlay_alpha=&#8221;50&#8243; overlay_animated=&#8221;yes&#8221; overlay_animated_1_color=&#8221;accent&#8221; overlay_animated_2_color=&#8221;color-697382&#8243; gutter_size=&#8221;3&#8243; column_width_percent=&#8221;100&#8243; shift_y=&#8221;0&#8243; z_index=&#8221;0&#8243; content_parallax=&#8221;0&#8243; row_height_use_pixel=&#8221;&#8221; uncode_shortcode_id=&#8221;964220&#8243; el_class=&#8221;streifen-bg-rechts&#8221; back_color_type=&#8221;uncode-gradient&#8221; [&hellip;]","og_url":"https:\/\/dradura.com\/pl\/podania-pracy\/","og_site_name":"Dradura","article_modified_time":"2025-08-21T13:26:39+00:00","og_image":[{"width":1200,"height":675,"url":"https:\/\/dradura.com\/wp-content\/uploads\/2025\/03\/dradura-steelwire-production.jpg","type":"image\/jpeg"}],"twitter_card":"summary_large_image","twitter_misc":{"Szacowany czas czytania":"1 minuta"},"schema":{"@context":"https:\/\/schema.org","@graph":[{"@type":"WebPage","@id":"https:\/\/dradura.com\/pl\/podania-pracy\/","url":"https:\/\/dradura.com\/pl\/podania-pracy\/","name":"Podania Pracy - Dradura","isPartOf":{"@id":"https:\/\/dradura.com\/#website"},"datePublished":"2025-02-12T11:03:56+00:00","dateModified":"2025-08-21T13:26:39+00:00","breadcrumb":{"@id":"https:\/\/dradura.com\/pl\/podania-pracy\/#breadcrumb"},"inLanguage":"pl-PL","potentialAction":[{"@type":"ReadAction","target":["https:\/\/dradura.com\/pl\/podania-pracy\/"]}]},{"@type":"BreadcrumbList","@id":"https:\/\/dradura.com\/pl\/podania-pracy\/#breadcrumb","itemListElement":[{"@type":"ListItem","position":1,"name":"Home","item":"https:\/\/dradura.com\/pl\/"},{"@type":"ListItem","position":2,"name":"Podania Pracy"}]},{"@type":"WebSite","@id":"https:\/\/dradura.com\/#website","url":"https:\/\/dradura.com\/","name":"Dradura Webseite","description":"Industrial steel wire solutions","publisher":{"@id":"https:\/\/dradura.com\/#organization"},"potentialAction":[{"@type":"SearchAction","target":{"@type":"EntryPoint","urlTemplate":"https:\/\/dradura.com\/?s={search_term_string}"},"query-input":{"@type":"PropertyValueSpecification","valueRequired":true,"valueName":"search_term_string"}}],"inLanguage":"pl-PL"},{"@type":"Organization","@id":"https:\/\/dradura.com\/#organization","name":"Dradura \u2013 Industrial steel wire solutions manufacturer","alternateName":"Dradura","url":"https:\/\/dradura.com\/","logo":{"@type":"ImageObject","inLanguage":"pl-PL","@id":"https:\/\/dradura.com\/#\/schema\/logo\/image\/","url":"https:\/\/dradura.com\/wp-content\/uploads\/2025\/03\/dradura-logo.jpg","contentUrl":"https:\/\/dradura.com\/wp-content\/uploads\/2025\/03\/dradura-logo.jpg","width":696,"height":696,"caption":"Dradura \u2013 Industrial steel wire solutions manufacturer"},"image":{"@id":"https:\/\/dradura.com\/#\/schema\/logo\/image\/"}}]}},"_links":{"self":[{"href":"https:\/\/dradura.com\/pl\/wp-json\/wp\/v2\/pages\/147367","targetHints":{"allow":["GET"]}}],"collection":[{"href":"https:\/\/dradura.com\/pl\/wp-json\/wp\/v2\/pages"}],"about":[{"href":"https:\/\/dradura.com\/pl\/wp-json\/wp\/v2\/types\/page"}],"author":[{"embeddable":true,"href":"https:\/\/dradura.com\/pl\/wp-json\/wp\/v2\/users\/2"}],"replies":[{"embeddable":true,"href":"https:\/\/dradura.com\/pl\/wp-json\/wp\/v2\/comments?post=147367"}],"version-history":[{"count":0,"href":"https:\/\/dradura.com\/pl\/wp-json\/wp\/v2\/pages\/147367\/revisions"}],"wp:attachment":[{"href":"https:\/\/dradura.com\/pl\/wp-json\/wp\/v2\/media?parent=147367"}],"curies":[{"name":"wp","href":"https:\/\/api.w.org\/{rel}","templated":true}]}}